{"id":1514,"date":"2013-08-11T19:06:15","date_gmt":"2013-08-11T19:06:15","guid":{"rendered":"https:\/\/veiana.com\/ueber-uns\/"},"modified":"2024-01-14T18:08:50","modified_gmt":"2024-01-14T18:08:50","slug":"ueber-uns","status":"publish","type":"page","link":"https:\/\/veiana.com\/de\/ueber-uns\/","title":{"rendered":"\u00dcber uns"},"content":{"rendered":"\n\n  <div class=\"banner has-hover bg-color has-parallax\" id=\"banner-1098202166\">\n          <div class=\"banner-inner fill\">\n        <div class=\"banner-bg fill\" data-parallax=\"-3\" data-parallax-container=\".banner\" data-parallax-background>\n            <img loading=\"lazy\" decoding=\"async\" width=\"1020\" height=\"765\" src=\"https:\/\/veiana.com\/wp-content\/uploads\/2022\/02\/Marbel-table-block-I-1067x800.jpg\" class=\"bg attachment-large size-large\" alt=\"\" \/>                                    \n                    <\/div>\n\t\t\n        <div class=\"banner-layers container\">\n            <div class=\"fill banner-link\"><\/div>            \n\n   <div id=\"text-box-1183837303\" class=\"text-box banner-layer x50 md-x50 lg-x50 y90 md-y60 lg-y60 res-text\">\n                                <div class=\"text-box-content text dark\">\n              \n              <div class=\"text-inner text-center\">\n                  \n\n\t<div id=\"text-1679626191\" class=\"text\">\n\t\t\n\n<h1 class=\"lead\"><span style=\"font-size: 90%;\">\u00dcber uns<\/span><\/h1>\n<p class=\"lead\"><span style=\"font-size: 110%;\">Veiana wurde durch uns &#8211; Diana und Simon &#8211; ins Leben gerufen. Unser eigenes zu Hause war die erste B\u00fchne um unserer Leidenschaft f\u00fcr Innendesign freien Raum zu lassen und kreative Ideen zu entwickeln.<\/span><\/p>\n\t\t\n<style>\n#text-1679626191 {\n  font-size: 0.9rem;\n}\n<\/style>\n\t<\/div>\n\t\n\n              <\/div>\n           <\/div>\n                            \n<style>\n#text-box-1183837303 {\n  margin: 0 0px 0px 0px;\n  width: 75%;\n}\n#text-box-1183837303 .text-box-content {\n  background-color: rgba(114, 110, 88, 0.558);\n  font-size: 100%;\n}\n#text-box-1183837303 .text-inner {\n  padding: 5px 30px 5px 30px;\n}\n@media (min-width:550px) {\n  #text-box-1183837303 {\n    margin: 0px 0px 0px 0px;\n  }\n}\n<\/style>\n    <\/div>\n \n\n        <\/div>\n      <\/div>\n\n            \n<style>\n#banner-1098202166 {\n  padding-top: 690px;\n}\n#banner-1098202166 .banner-bg img {\n  object-position: 42% 38%;\n}\n<\/style>\n  <\/div>\n\n\n<div class=\"row row-full-width align-center\"  id=\"row-1207485951\">\n\n\n\t<div id=\"col-295154456\" class=\"col medium-10 small-12 large-10\"  >\n\t\t\t\t<div class=\"col-inner\"  >\n\t\t\t\n\t\t\t\n\n\t<div id=\"text-650476315\" class=\"text\">\n\t\t\n\n<h2 class=\"lead text-center\"><b><br><span style=\"font-size: 90%;\">Unsere Mission: Deinem Zuhause einen besonderen Ton zu verleihen<\/span><\/b><\/h2>\n<p class=\"lead text-center\"><b><br>Wir haben es uns zum Ziel gemacht stilvolle und zeitlose Einrichtungsgegenst\u00e4nde aus Marmor in dein Zuhause zu bringen. Unsere Aufgabe ist es daf\u00fcr zu sorgen, dass dein t\u00e4gliches Leben durch Veiana an Leidenschaft, aber auch Ausgeglichenheit gewinnt. Marmor ist ein zeitloser und nat\u00fcrlicher Stein, der f\u00fcr die au\u00dfergew\u00f6hnlichsten bildhauerischen und architektonischen Kunstwerke verwendet wurde. Verleihe deiner Inneneinrichtung einen Touch von minimalistischer Eleganz mit deinem eigenen einzigartigen St\u00fcck Marmor.&nbsp;<\/b><\/p>\n\t\t\n<style>\n#text-650476315 {\n  font-size: 0.95rem;\n}\n<\/style>\n\t<\/div>\n\t\n<div class=\"text-center\"><div class=\"is-divider divider clearfix\" ><\/div><\/div>\n\n\n\t\t<\/div>\n\t\t\t\t\t<\/div>\n\n\t\n\n<\/div>\n<div class=\"row align-center\"  id=\"row-132827163\">\n\n\n\t<div id=\"col-700466176\" class=\"col medium-5 small-12 large-5\"  >\n\t\t\t\t<div class=\"col-inner\"  >\n\t\t\t\n\t\t\t\n\n    <div class=\"box has-hover has-hover box-default box-text-bottom\" >\n\n                  <div class=\"box-image \" style=\"width:70%;\">\n           <div class=\"box-image-inner image-cover\" style=\"border-radius:100%;padding-top:100%;\">\n              <img loading=\"lazy\" decoding=\"async\" width=\"1505\" height=\"1602\" src=\"https:\/\/veiana.com\/wp-content\/uploads\/2022\/05\/diana-co-founder-veiana.jpg\" class=\"attachment- size-\" alt=\"Designer and co-founder of Veiana\" srcset=\"https:\/\/veiana.com\/wp-content\/uploads\/2022\/05\/diana-co-founder-veiana.jpg 1505w, https:\/\/veiana.com\/wp-content\/uploads\/2022\/05\/diana-co-founder-veiana-600x639.jpg 600w, https:\/\/veiana.com\/wp-content\/uploads\/2022\/05\/diana-co-founder-veiana-376x400.jpg 376w, https:\/\/veiana.com\/wp-content\/uploads\/2022\/05\/diana-co-founder-veiana-752x800.jpg 752w, https:\/\/veiana.com\/wp-content\/uploads\/2022\/05\/diana-co-founder-veiana-768x817.jpg 768w, https:\/\/veiana.com\/wp-content\/uploads\/2022\/05\/diana-co-founder-veiana-1443x1536.jpg 1443w, https:\/\/veiana.com\/wp-content\/uploads\/2022\/05\/diana-co-founder-veiana-1320x1405.jpg 1320w\" sizes=\"auto, (max-width: 1505px) 100vw, 1505px\" \/>                         <\/div>\n          <\/div>\n         \n          <div class=\"box-text text-center\" >\n                <div class=\"box-text-inner\">\n                  <h4 class=\"uppercase\">\n                    <span class=\"person-name\">Diana<\/span><br\/>\n                    <span class=\"person-title is-small thin-font op-7\">\n                      CO-Founder                    <\/span>\n                  <\/h4>\n\t\t\t\t\t<div class=\"social-icons follow-icons\" ><a href=\"https:\/\/www.instagram.com\/veiana_home\/\" target=\"_blank\" data-label=\"Instagram\" class=\"icon button circle is-outline tooltip instagram\" title=\"Auf Instagram folgen\" aria-label=\"Auf Instagram folgen\" rel=\"noopener nofollow\"><i class=\"icon-instagram\" aria-hidden=\"true\"><\/i><\/a><a href=\"mailto:diana@veiana.com\" data-label=\"E-mail\" target=\"_blank\" class=\"icon button circle is-outline tooltip email\" title=\"Sende uns eine E-Mail\" aria-label=\"Sende uns eine E-Mail\" rel=\"nofollow noopener\"><i class=\"icon-envelop\" aria-hidden=\"true\"><\/i><\/a><a href=\"https:\/\/www.linkedin.com\/in\/santos-diana-796102b6\/\" data-label=\"LinkedIn\" target=\"_blank\" class=\"icon button circle is-outline tooltip linkedin\" title=\"Auf Linkedin folgen\" aria-label=\"Auf Linkedin folgen\" rel=\"noopener nofollow\"><i class=\"icon-linkedin\" aria-hidden=\"true\"><\/i><\/a><\/div>\n\n<p>Ol\u00e1! Das Innendesign ist meine Leidenschaft und die Begeisterung hierf\u00fcr entwickelte ich schon in meiner Kindheit. Um die perfekte Harmonie zu schaffen, habe ich schon fr\u00fch mit der Einrichtung in meinem Elternhaus experimentiert. Inzwischen bin ich zwar der Meinung, dass absolute Perfektion unerreichbar ist und immer im Auge des Betrachters liegen wird, hoffe aber dennoch, dass wir einzigartige und elegante Marmordesigns zu dir nach Hause bringen k\u00f6nnen.<\/p>\n\n                <\/div>\n          <\/div>\n    <\/div>\n\n\t\n    \n\n\t\t<\/div>\n\t\t\t\t\t<\/div>\n\n\t\n\n\t<div id=\"col-541958381\" class=\"col medium-5 small-12 large-5\"  >\n\t\t\t\t<div class=\"col-inner\"  >\n\t\t\t\n\t\t\t\n\n    <div class=\"box has-hover has-hover box-default box-text-bottom\" >\n\n                  <div class=\"box-image \" style=\"width:70%;\">\n           <div class=\"box-image-inner image-cover\" style=\"border-radius:100%;padding-top:100%;\">\n              <img loading=\"lazy\" decoding=\"async\" width=\"1517\" height=\"1667\" src=\"https:\/\/veiana.com\/wp-content\/uploads\/2022\/05\/simon-co-founder-veiana-1.jpg\" class=\"attachment- size-\" alt=\"Designer and co-founder of Veiana\" srcset=\"https:\/\/veiana.com\/wp-content\/uploads\/2022\/05\/simon-co-founder-veiana-1.jpg 1517w, https:\/\/veiana.com\/wp-content\/uploads\/2022\/05\/simon-co-founder-veiana-1-600x659.jpg 600w, https:\/\/veiana.com\/wp-content\/uploads\/2022\/05\/simon-co-founder-veiana-1-364x400.jpg 364w, https:\/\/veiana.com\/wp-content\/uploads\/2022\/05\/simon-co-founder-veiana-1-728x800.jpg 728w, https:\/\/veiana.com\/wp-content\/uploads\/2022\/05\/simon-co-founder-veiana-1-768x844.jpg 768w, https:\/\/veiana.com\/wp-content\/uploads\/2022\/05\/simon-co-founder-veiana-1-1398x1536.jpg 1398w, https:\/\/veiana.com\/wp-content\/uploads\/2022\/05\/simon-co-founder-veiana-1-1320x1451.jpg 1320w\" sizes=\"auto, (max-width: 1517px) 100vw, 1517px\" \/>                         <\/div>\n          <\/div>\n         \n          <div class=\"box-text text-center\" >\n                <div class=\"box-text-inner\">\n                  <h4 class=\"uppercase\">\n                    <span class=\"person-name\">Simon<\/span><br\/>\n                    <span class=\"person-title is-small thin-font op-7\">\n                      CO-FOUNDER                    <\/span>\n                  <\/h4>\n\t\t\t\t\t<div class=\"social-icons follow-icons\" ><a href=\"https:\/\/www.instagram.com\/veiana_home\/\" target=\"_blank\" data-label=\"Instagram\" class=\"icon button circle is-outline tooltip instagram\" title=\"Auf Instagram folgen\" aria-label=\"Auf Instagram folgen\" rel=\"noopener nofollow\"><i class=\"icon-instagram\" aria-hidden=\"true\"><\/i><\/a><a href=\"mailto:simon@veiana.com\" data-label=\"E-mail\" target=\"_blank\" class=\"icon button circle is-outline tooltip email\" title=\"Sende uns eine E-Mail\" aria-label=\"Sende uns eine E-Mail\" rel=\"nofollow noopener\"><i class=\"icon-envelop\" aria-hidden=\"true\"><\/i><\/a><a href=\"https:\/\/www.linkedin.com\/in\/simon-scherbaum\/\" data-label=\"LinkedIn\" target=\"_blank\" class=\"icon button circle is-outline tooltip linkedin\" title=\"Auf Linkedin folgen\" aria-label=\"Auf Linkedin folgen\" rel=\"noopener nofollow\"><i class=\"icon-linkedin\" aria-hidden=\"true\"><\/i><\/a><\/div>\n\n<p>Das Schaffen von einzigartigen M\u00f6belst\u00fccken aus nat\u00fcrlichen Ressourcen und Materialien begeistert mich. Die Pr\u00e4senz eines gelungenen Einrichtungsgegenstands und die dadurch entstehende Harmonie sind f\u00fcr mich entscheidende Aspekte eines erfolgreichen Designs. Ich freue mich darauf, M\u00f6belst\u00fccke h\u00f6chster Qualit\u00e4t und Kunst in Zusammenarbeit mit Diana und unseren Kollegen in Italien f\u00fcr dich zu kreieren. <\/p>\n\n                <\/div>\n          <\/div>\n    <\/div>\n\n\t\n    \n\n\t\t<\/div>\n\t\t\t\t\t<\/div>\n\n\t\n\n<\/div>\n","protected":false},"excerpt":{"rendered":"","protected":false},"author":1,"featured_media":0,"parent":0,"menu_order":0,"comment_status":"closed","ping_status":"closed","template":"page-transparent-header-light.php","meta":{"footnotes":""},"class_list":["post-1514","page","type-page","status-publish","hentry"],"yoast_head":"<!-- This site is optimized with the Yoast SEO plugin v27.3 - https:\/\/yoast.com\/product\/yoast-seo-wordpress\/ -->\n<title>Start-up, Blickfang und einzigartige Marmorbl\u00f6cke<\/title>\n<meta name=\"description\" content=\"Passioniert f\u00fcr nat\u00fcrliche Materialien und Steine, entwirft unser M\u00f6bel Start-up Designklassiker mit schlichten &amp; modernen Linien f\u00fcr dein Zuhause.\" \/>\n<meta name=\"robots\" content=\"index, follow, max-snippet:-1, max-image-preview:large, max-video-preview:-1\" \/>\n<link rel=\"canonical\" href=\"https:\/\/veiana.com\/de\/ueber-uns\/\" \/>\n<meta property=\"og:locale\" content=\"de_DE\" \/>\n<meta property=\"og:type\" content=\"article\" \/>\n<meta property=\"og:title\" content=\"Start-up, Blickfang und einzigartige Marmorbl\u00f6cke\" \/>\n<meta property=\"og:description\" content=\"Passioniert f\u00fcr nat\u00fcrliche Materialien und Steine, entwirft unser M\u00f6bel Start-up Designklassiker mit schlichten &amp; modernen Linien f\u00fcr dein Zuhause.\" \/>\n<meta property=\"og:url\" content=\"https:\/\/veiana.com\/de\/ueber-uns\/\" \/>\n<meta property=\"og:site_name\" content=\"Veiana\" \/>\n<meta property=\"article:modified_time\" content=\"2024-01-14T18:08:50+00:00\" \/>\n<meta name=\"twitter:card\" content=\"summary_large_image\" \/>\n<meta name=\"twitter:label1\" content=\"Gesch\u00e4tzte Lesezeit\" \/>\n\t<meta name=\"twitter:data1\" content=\"2\u00a0Minuten\" \/>\n<script type=\"application\/ld+json\" class=\"yoast-schema-graph\">{\"@context\":\"https:\\\/\\\/schema.org\",\"@graph\":[{\"@type\":\"WebPage\",\"@id\":\"https:\\\/\\\/veiana.com\\\/de\\\/ueber-uns\\\/\",\"url\":\"https:\\\/\\\/veiana.com\\\/de\\\/ueber-uns\\\/\",\"name\":\"Start-up, Blickfang und einzigartige Marmorbl\u00f6cke\",\"isPartOf\":{\"@id\":\"https:\\\/\\\/veiana.com\\\/#website\"},\"datePublished\":\"2013-08-11T19:06:15+00:00\",\"dateModified\":\"2024-01-14T18:08:50+00:00\",\"description\":\"Passioniert f\u00fcr nat\u00fcrliche Materialien und Steine, entwirft unser M\u00f6bel Start-up Designklassiker mit schlichten & modernen Linien f\u00fcr dein Zuhause.\",\"breadcrumb\":{\"@id\":\"https:\\\/\\\/veiana.com\\\/de\\\/ueber-uns\\\/#breadcrumb\"},\"inLanguage\":\"de\",\"potentialAction\":[{\"@type\":\"ReadAction\",\"target\":[\"https:\\\/\\\/veiana.com\\\/de\\\/ueber-uns\\\/\"]}]},{\"@type\":\"BreadcrumbList\",\"@id\":\"https:\\\/\\\/veiana.com\\\/de\\\/ueber-uns\\\/#breadcrumb\",\"itemListElement\":[{\"@type\":\"ListItem\",\"position\":1,\"name\":\"Home\",\"item\":\"https:\\\/\\\/veiana.com\\\/de\\\/home\\\/\"},{\"@type\":\"ListItem\",\"position\":2,\"name\":\"\u00dcber uns\"}]},{\"@type\":\"WebSite\",\"@id\":\"https:\\\/\\\/veiana.com\\\/#website\",\"url\":\"https:\\\/\\\/veiana.com\\\/\",\"name\":\"Veiana\",\"description\":\"\",\"publisher\":{\"@id\":\"https:\\\/\\\/veiana.com\\\/#organization\"},\"potentialAction\":[{\"@type\":\"SearchAction\",\"target\":{\"@type\":\"EntryPoint\",\"urlTemplate\":\"https:\\\/\\\/veiana.com\\\/?s={search_term_string}\"},\"query-input\":{\"@type\":\"PropertyValueSpecification\",\"valueRequired\":true,\"valueName\":\"search_term_string\"}}],\"inLanguage\":\"de\"},{\"@type\":\"Organization\",\"@id\":\"https:\\\/\\\/veiana.com\\\/#organization\",\"name\":\"Veiana\",\"url\":\"https:\\\/\\\/veiana.com\\\/\",\"logo\":{\"@type\":\"ImageObject\",\"inLanguage\":\"de\",\"@id\":\"https:\\\/\\\/veiana.com\\\/#\\\/schema\\\/logo\\\/image\\\/\",\"url\":\"https:\\\/\\\/veiana.com\\\/wp-content\\\/uploads\\\/2022\\\/02\\\/Full-logo.png\",\"contentUrl\":\"https:\\\/\\\/veiana.com\\\/wp-content\\\/uploads\\\/2022\\\/02\\\/Full-logo.png\",\"width\":591,\"height\":167,\"caption\":\"Veiana\"},\"image\":{\"@id\":\"https:\\\/\\\/veiana.com\\\/#\\\/schema\\\/logo\\\/image\\\/\"},\"sameAs\":[\"https:\\\/\\\/www.instagram.com\\\/veiana_home\\\/\"]}]}<\/script>\n<!-- \/ Yoast SEO plugin. -->","yoast_head_json":{"title":"Start-up, Blickfang und einzigartige Marmorbl\u00f6cke","description":"Passioniert f\u00fcr nat\u00fcrliche Materialien und Steine, entwirft unser M\u00f6bel Start-up Designklassiker mit schlichten & modernen Linien f\u00fcr dein Zuhause.","robots":{"index":"index","follow":"follow","max-snippet":"max-snippet:-1","max-image-preview":"max-image-preview:large","max-video-preview":"max-video-preview:-1"},"canonical":"https:\/\/veiana.com\/de\/ueber-uns\/","og_locale":"de_DE","og_type":"article","og_title":"Start-up, Blickfang und einzigartige Marmorbl\u00f6cke","og_description":"Passioniert f\u00fcr nat\u00fcrliche Materialien und Steine, entwirft unser M\u00f6bel Start-up Designklassiker mit schlichten & modernen Linien f\u00fcr dein Zuhause.","og_url":"https:\/\/veiana.com\/de\/ueber-uns\/","og_site_name":"Veiana","article_modified_time":"2024-01-14T18:08:50+00:00","twitter_card":"summary_large_image","twitter_misc":{"Gesch\u00e4tzte Lesezeit":"2\u00a0Minuten"},"schema":{"@context":"https:\/\/schema.org","@graph":[{"@type":"WebPage","@id":"https:\/\/veiana.com\/de\/ueber-uns\/","url":"https:\/\/veiana.com\/de\/ueber-uns\/","name":"Start-up, Blickfang und einzigartige Marmorbl\u00f6cke","isPartOf":{"@id":"https:\/\/veiana.com\/#website"},"datePublished":"2013-08-11T19:06:15+00:00","dateModified":"2024-01-14T18:08:50+00:00","description":"Passioniert f\u00fcr nat\u00fcrliche Materialien und Steine, entwirft unser M\u00f6bel Start-up Designklassiker mit schlichten & modernen Linien f\u00fcr dein Zuhause.","breadcrumb":{"@id":"https:\/\/veiana.com\/de\/ueber-uns\/#breadcrumb"},"inLanguage":"de","potentialAction":[{"@type":"ReadAction","target":["https:\/\/veiana.com\/de\/ueber-uns\/"]}]},{"@type":"BreadcrumbList","@id":"https:\/\/veiana.com\/de\/ueber-uns\/#breadcrumb","itemListElement":[{"@type":"ListItem","position":1,"name":"Home","item":"https:\/\/veiana.com\/de\/home\/"},{"@type":"ListItem","position":2,"name":"\u00dcber uns"}]},{"@type":"WebSite","@id":"https:\/\/veiana.com\/#website","url":"https:\/\/veiana.com\/","name":"Veiana","description":"","publisher":{"@id":"https:\/\/veiana.com\/#organization"},"potentialAction":[{"@type":"SearchAction","target":{"@type":"EntryPoint","urlTemplate":"https:\/\/veiana.com\/?s={search_term_string}"},"query-input":{"@type":"PropertyValueSpecification","valueRequired":true,"valueName":"search_term_string"}}],"inLanguage":"de"},{"@type":"Organization","@id":"https:\/\/veiana.com\/#organization","name":"Veiana","url":"https:\/\/veiana.com\/","logo":{"@type":"ImageObject","inLanguage":"de","@id":"https:\/\/veiana.com\/#\/schema\/logo\/image\/","url":"https:\/\/veiana.com\/wp-content\/uploads\/2022\/02\/Full-logo.png","contentUrl":"https:\/\/veiana.com\/wp-content\/uploads\/2022\/02\/Full-logo.png","width":591,"height":167,"caption":"Veiana"},"image":{"@id":"https:\/\/veiana.com\/#\/schema\/logo\/image\/"},"sameAs":["https:\/\/www.instagram.com\/veiana_home\/"]}]}},"jetpack_sharing_enabled":true,"_links":{"self":[{"href":"https:\/\/veiana.com\/de\/wp-json\/wp\/v2\/pages\/1514","targetHints":{"allow":["GET"]}}],"collection":[{"href":"https:\/\/veiana.com\/de\/wp-json\/wp\/v2\/pages"}],"about":[{"href":"https:\/\/veiana.com\/de\/wp-json\/wp\/v2\/types\/page"}],"author":[{"embeddable":true,"href":"https:\/\/veiana.com\/de\/wp-json\/wp\/v2\/users\/1"}],"replies":[{"embeddable":true,"href":"https:\/\/veiana.com\/de\/wp-json\/wp\/v2\/comments?post=1514"}],"version-history":[{"count":76,"href":"https:\/\/veiana.com\/de\/wp-json\/wp\/v2\/pages\/1514\/revisions"}],"predecessor-version":[{"id":2896,"href":"https:\/\/veiana.com\/de\/wp-json\/wp\/v2\/pages\/1514\/revisions\/2896"}],"wp:attachment":[{"href":"https:\/\/veiana.com\/de\/wp-json\/wp\/v2\/media?parent=1514"}],"curies":[{"name":"wp","href":"https:\/\/api.w.org\/{rel}","templated":true}]}}