{"id":1579,"date":"2021-11-20T11:11:19","date_gmt":"2021-11-20T11:11:19","guid":{"rendered":"https:\/\/veiana.com\/shop\/veia-black\/"},"modified":"2024-02-18T13:50:34","modified_gmt":"2024-02-18T13:50:34","slug":"marmor-block-schwarz","status":"publish","type":"product","link":"https:\/\/veiana.com\/de\/shop\/marmor-block-schwarz\/","title":{"rendered":"Schwarzer Marmor"},"content":{"rendered":"<p>&#8222;Simplicity is the ultimate sophistication&#8220; &#8211; Leonardo da Vinci knew it and you know it!<\/p>\n<p>Mit diesem Marmorblock bringst du ein Meisterst\u00fcck in dein Wohnzimmer. Der in Italien aus massivem Marmor handgefertigte Veia Couchtisch verk\u00f6rpert durch seine schlichten Linien Modernit\u00e4t. Einzigartig in der Qualit\u00e4t der Ausf\u00fchrung garantiert Veiana die Kontinuit\u00e4t der Venen entlang der horizontalen und vertikalen Seiten, wodurch der Tisch wie aus einem Block erscheint ohne dabei dessen Gewicht zu haben.<\/p>\n<p>Der Nero Marquina Marmor kommt direkt aus dem Baskenland, genauer gesagt aus der Region Markina. Sein gewagter, schwarzer Hintergrund und seine wei\u00dfen Adern haben diesen Stein &#8211; von h\u00f6chster Sch\u00f6nheit &#8211; zu einem der beliebtesten Steine Spaniens gemacht. Der Nero Marquina Marmorblock wird geschliffen geliefert, was einen matten und modernen Effekt hervorbringt. Bei dieser Oberfl\u00e4chenbeschaffenheit sind Kratzer und \u00c4tzungen, die durch den normalen Gebrauch entstehen k\u00f6nnen, weniger sichtbar.<\/p>\n<p>F\u00fcr weitere Details raten wir unsere <span style=\"color: #3366ff;\"><a style=\"color: #3366ff;\" href=\"https:\/\/veiana.com\/de\/kontakt-faq\/\">Pflegehinweise<\/a><\/span> zu lesen und empfehlen den Tisch vor dem Gebrauch immer zu <span style=\"color: #3366ff;\"><a style=\"color: #3366ff;\" href=\"https:\/\/veiana.com\/de\/shop\/marmor-pflege-schutz\/\">versiegeln<\/a><\/span> um das Einwirken von Fl\u00fcssigkeiten und anderen Stoffen zu vermeiden.<\/p>\n<p>Auch verf\u00fcgbar in Verde Alpi, Arabescato und Port Saint Laurent.<\/p>\n<p>Jedes einzelne St\u00fcck ist ein Unikat und jedes Muster im Marmor wird auf nat\u00fcrliche Weise von Mutter Erde geformt, so dass jeder Marmorblock unterschiedliche Maserungen aufweist.<\/p>\n","protected":false},"excerpt":{"rendered":"<div class=\"attribute length\"><span class=\"label\">L\u00e4nge: <\/span><span class=\"value\">100<\/span><span class=\"postfix\">cm<\/span><\/div>\n<div class=\"attribute height\"><span class=\"label\">H\u00f6he: 30<\/span><span class=\"postfix\">cm<\/span><\/div>\n<div class=\"attribute width\"><span class=\"label\">Breite: <\/span><span class=\"value\">60<\/span><span class=\"postfix\">cm<\/span><\/div>\n<div class=\"attribute weight\"><span class=\"label\">Gewicht: <\/span><span class=\"value\">85<\/span><span class=\"postfix\">kg<\/span><\/div>\n<div class=\"attribute pa_kleur\"><span class=\"label\">Marmor: Nero Marquina (<\/span><span class=\"value\">Schwarz)<\/span><\/div>\n<div class=\"attribute pa_finish\"><span class=\"label\">Oberfl\u00e4che: <\/span><span class=\"value\">Geschliffen &#8211; matt<\/span><\/div>\n<div><span style=\"color: #ffffff;\"><b>Marmortisch<\/b><\/span><\/div>\n","protected":false},"featured_media":1995,"comment_status":"open","ping_status":"closed","template":"","meta":[],"product_brand":[],"product_cat":[124],"product_tag":[122,125,115,126,114],"class_list":{"0":"post-1579","1":"product","2":"type-product","3":"status-publish","4":"has-post-thumbnail","6":"product_cat-marble-coffee-tables","7":"product_tag-coffee-table-de","8":"product_tag-marmorblock","9":"product_tag-marmortisch-de","10":"product_tag-geschliffen","11":"product_tag-nero-marquina-de","13":"first","14":"instock","15":"shipping-taxable","16":"purchasable","17":"product-type-simple"},"yoast_head":"<!-- This site is optimized with the Yoast SEO plugin v27.3 - https:\/\/yoast.com\/product\/yoast-seo-wordpress\/ -->\n<title>Nero Marquina Marmorblock in Schwarz f\u00fcr dein Wohnzimmer<\/title>\n<meta name=\"description\" content=\"Design Marmorblock in Schwarz f\u00fcr dein Zuhause direkt aus Carrara, Italien.\" \/>\n<meta name=\"robots\" content=\"index, follow, max-snippet:-1, max-image-preview:large, max-video-preview:-1\" \/>\n<link rel=\"canonical\" href=\"https:\/\/veiana.com\/de\/shop\/marmor-block-schwarz\/\" \/>\n<meta property=\"og:locale\" content=\"de_DE\" \/>\n<meta property=\"og:type\" content=\"article\" \/>\n<meta property=\"og:title\" content=\"Nero Marquina Marmorblock in Schwarz f\u00fcr dein Wohnzimmer\" \/>\n<meta property=\"og:description\" content=\"Design Marmorblock in Schwarz f\u00fcr dein Zuhause direkt aus Carrara, Italien.\" \/>\n<meta property=\"og:url\" content=\"https:\/\/veiana.com\/de\/shop\/marmor-block-schwarz\/\" \/>\n<meta property=\"og:site_name\" content=\"Veiana\" \/>\n<meta property=\"article:modified_time\" content=\"2024-02-18T13:50:34+00:00\" \/>\n<meta property=\"og:image\" content=\"https:\/\/veiana.com\/wp-content\/uploads\/2022\/05\/nero-marquina-marble-block-front-page.jpg\" \/>\n\t<meta property=\"og:image:width\" content=\"2048\" \/>\n\t<meta property=\"og:image:height\" content=\"1355\" \/>\n\t<meta property=\"og:image:type\" content=\"image\/jpeg\" \/>\n<meta name=\"twitter:card\" content=\"summary_large_image\" \/>\n<meta name=\"twitter:label1\" content=\"Gesch\u00e4tzte Lesezeit\" \/>\n\t<meta name=\"twitter:data1\" content=\"2\u00a0Minuten\" \/>\n<script type=\"application\/ld+json\" class=\"yoast-schema-graph\">{\"@context\":\"https:\\\/\\\/schema.org\",\"@graph\":[{\"@type\":\"WebPage\",\"@id\":\"https:\\\/\\\/veiana.com\\\/de\\\/shop\\\/marmor-block-schwarz\\\/\",\"url\":\"https:\\\/\\\/veiana.com\\\/de\\\/shop\\\/marmor-block-schwarz\\\/\",\"name\":\"Nero Marquina Marmorblock in Schwarz f\u00fcr dein Wohnzimmer\",\"isPartOf\":{\"@id\":\"https:\\\/\\\/veiana.com\\\/#website\"},\"primaryImageOfPage\":{\"@id\":\"https:\\\/\\\/veiana.com\\\/de\\\/shop\\\/marmor-block-schwarz\\\/#primaryimage\"},\"image\":{\"@id\":\"https:\\\/\\\/veiana.com\\\/de\\\/shop\\\/marmor-block-schwarz\\\/#primaryimage\"},\"thumbnailUrl\":\"https:\\\/\\\/veiana.com\\\/wp-content\\\/uploads\\\/2022\\\/05\\\/nero-marquina-marble-block-front-page.jpg\",\"datePublished\":\"2021-11-20T11:11:19+00:00\",\"dateModified\":\"2024-02-18T13:50:34+00:00\",\"description\":\"Design Marmorblock in Schwarz f\u00fcr dein Zuhause direkt aus Carrara, Italien.\",\"breadcrumb\":{\"@id\":\"https:\\\/\\\/veiana.com\\\/de\\\/shop\\\/marmor-block-schwarz\\\/#breadcrumb\"},\"inLanguage\":\"de\",\"potentialAction\":[{\"@type\":\"ReadAction\",\"target\":[\"https:\\\/\\\/veiana.com\\\/de\\\/shop\\\/marmor-block-schwarz\\\/\"]}]},{\"@type\":\"ImageObject\",\"inLanguage\":\"de\",\"@id\":\"https:\\\/\\\/veiana.com\\\/de\\\/shop\\\/marmor-block-schwarz\\\/#primaryimage\",\"url\":\"https:\\\/\\\/veiana.com\\\/wp-content\\\/uploads\\\/2022\\\/05\\\/nero-marquina-marble-block-front-page.jpg\",\"contentUrl\":\"https:\\\/\\\/veiana.com\\\/wp-content\\\/uploads\\\/2022\\\/05\\\/nero-marquina-marble-block-front-page.jpg\",\"width\":2048,\"height\":1355,\"caption\":\"Block slab Marmor coffee table - Black Nero Marquina Marmor mit Dekoration f\u00fcr Inneneinrichtung\"},{\"@type\":\"BreadcrumbList\",\"@id\":\"https:\\\/\\\/veiana.com\\\/de\\\/shop\\\/marmor-block-schwarz\\\/#breadcrumb\",\"itemListElement\":[{\"@type\":\"ListItem\",\"position\":1,\"name\":\"Home\",\"item\":\"https:\\\/\\\/veiana.com\\\/de\\\/home\\\/\"},{\"@type\":\"ListItem\",\"position\":2,\"name\":\"Shop\",\"item\":\"https:\\\/\\\/veiana.com\\\/shop-marble-block\\\/\"},{\"@type\":\"ListItem\",\"position\":3,\"name\":\"Schwarzer Marmor\"}]},{\"@type\":\"WebSite\",\"@id\":\"https:\\\/\\\/veiana.com\\\/#website\",\"url\":\"https:\\\/\\\/veiana.com\\\/\",\"name\":\"Veiana\",\"description\":\"\",\"publisher\":{\"@id\":\"https:\\\/\\\/veiana.com\\\/#organization\"},\"potentialAction\":[{\"@type\":\"SearchAction\",\"target\":{\"@type\":\"EntryPoint\",\"urlTemplate\":\"https:\\\/\\\/veiana.com\\\/?s={search_term_string}\"},\"query-input\":{\"@type\":\"PropertyValueSpecification\",\"valueRequired\":true,\"valueName\":\"search_term_string\"}}],\"inLanguage\":\"de\"},{\"@type\":\"Organization\",\"@id\":\"https:\\\/\\\/veiana.com\\\/#organization\",\"name\":\"Veiana\",\"url\":\"https:\\\/\\\/veiana.com\\\/\",\"logo\":{\"@type\":\"ImageObject\",\"inLanguage\":\"de\",\"@id\":\"https:\\\/\\\/veiana.com\\\/#\\\/schema\\\/logo\\\/image\\\/\",\"url\":\"https:\\\/\\\/veiana.com\\\/wp-content\\\/uploads\\\/2022\\\/02\\\/Full-logo.png\",\"contentUrl\":\"https:\\\/\\\/veiana.com\\\/wp-content\\\/uploads\\\/2022\\\/02\\\/Full-logo.png\",\"width\":591,\"height\":167,\"caption\":\"Veiana\"},\"image\":{\"@id\":\"https:\\\/\\\/veiana.com\\\/#\\\/schema\\\/logo\\\/image\\\/\"},\"sameAs\":[\"https:\\\/\\\/www.instagram.com\\\/veiana_home\\\/\"]}]}<\/script>\n<!-- \/ Yoast SEO plugin. -->","yoast_head_json":{"title":"Nero Marquina Marmorblock in Schwarz f\u00fcr dein Wohnzimmer","description":"Design Marmorblock in Schwarz f\u00fcr dein Zuhause direkt aus Carrara, Italien.","robots":{"index":"index","follow":"follow","max-snippet":"max-snippet:-1","max-image-preview":"max-image-preview:large","max-video-preview":"max-video-preview:-1"},"canonical":"https:\/\/veiana.com\/de\/shop\/marmor-block-schwarz\/","og_locale":"de_DE","og_type":"article","og_title":"Nero Marquina Marmorblock in Schwarz f\u00fcr dein Wohnzimmer","og_description":"Design Marmorblock in Schwarz f\u00fcr dein Zuhause direkt aus Carrara, Italien.","og_url":"https:\/\/veiana.com\/de\/shop\/marmor-block-schwarz\/","og_site_name":"Veiana","article_modified_time":"2024-02-18T13:50:34+00:00","og_image":[{"width":2048,"height":1355,"url":"https:\/\/veiana.com\/wp-content\/uploads\/2022\/05\/nero-marquina-marble-block-front-page.jpg","type":"image\/jpeg"}],"twitter_card":"summary_large_image","twitter_misc":{"Gesch\u00e4tzte Lesezeit":"2\u00a0Minuten"},"schema":{"@context":"https:\/\/schema.org","@graph":[{"@type":"WebPage","@id":"https:\/\/veiana.com\/de\/shop\/marmor-block-schwarz\/","url":"https:\/\/veiana.com\/de\/shop\/marmor-block-schwarz\/","name":"Nero Marquina Marmorblock in Schwarz f\u00fcr dein Wohnzimmer","isPartOf":{"@id":"https:\/\/veiana.com\/#website"},"primaryImageOfPage":{"@id":"https:\/\/veiana.com\/de\/shop\/marmor-block-schwarz\/#primaryimage"},"image":{"@id":"https:\/\/veiana.com\/de\/shop\/marmor-block-schwarz\/#primaryimage"},"thumbnailUrl":"https:\/\/veiana.com\/wp-content\/uploads\/2022\/05\/nero-marquina-marble-block-front-page.jpg","datePublished":"2021-11-20T11:11:19+00:00","dateModified":"2024-02-18T13:50:34+00:00","description":"Design Marmorblock in Schwarz f\u00fcr dein Zuhause direkt aus Carrara, Italien.","breadcrumb":{"@id":"https:\/\/veiana.com\/de\/shop\/marmor-block-schwarz\/#breadcrumb"},"inLanguage":"de","potentialAction":[{"@type":"ReadAction","target":["https:\/\/veiana.com\/de\/shop\/marmor-block-schwarz\/"]}]},{"@type":"ImageObject","inLanguage":"de","@id":"https:\/\/veiana.com\/de\/shop\/marmor-block-schwarz\/#primaryimage","url":"https:\/\/veiana.com\/wp-content\/uploads\/2022\/05\/nero-marquina-marble-block-front-page.jpg","contentUrl":"https:\/\/veiana.com\/wp-content\/uploads\/2022\/05\/nero-marquina-marble-block-front-page.jpg","width":2048,"height":1355,"caption":"Block slab Marmor coffee table - Black Nero Marquina Marmor mit Dekoration f\u00fcr Inneneinrichtung"},{"@type":"BreadcrumbList","@id":"https:\/\/veiana.com\/de\/shop\/marmor-block-schwarz\/#breadcrumb","itemListElement":[{"@type":"ListItem","position":1,"name":"Home","item":"https:\/\/veiana.com\/de\/home\/"},{"@type":"ListItem","position":2,"name":"Shop","item":"https:\/\/veiana.com\/shop-marble-block\/"},{"@type":"ListItem","position":3,"name":"Schwarzer Marmor"}]},{"@type":"WebSite","@id":"https:\/\/veiana.com\/#website","url":"https:\/\/veiana.com\/","name":"Veiana","description":"","publisher":{"@id":"https:\/\/veiana.com\/#organization"},"potentialAction":[{"@type":"SearchAction","target":{"@type":"EntryPoint","urlTemplate":"https:\/\/veiana.com\/?s={search_term_string}"},"query-input":{"@type":"PropertyValueSpecification","valueRequired":true,"valueName":"search_term_string"}}],"inLanguage":"de"},{"@type":"Organization","@id":"https:\/\/veiana.com\/#organization","name":"Veiana","url":"https:\/\/veiana.com\/","logo":{"@type":"ImageObject","inLanguage":"de","@id":"https:\/\/veiana.com\/#\/schema\/logo\/image\/","url":"https:\/\/veiana.com\/wp-content\/uploads\/2022\/02\/Full-logo.png","contentUrl":"https:\/\/veiana.com\/wp-content\/uploads\/2022\/02\/Full-logo.png","width":591,"height":167,"caption":"Veiana"},"image":{"@id":"https:\/\/veiana.com\/#\/schema\/logo\/image\/"},"sameAs":["https:\/\/www.instagram.com\/veiana_home\/"]}]}},"jetpack_sharing_enabled":true,"_links":{"self":[{"href":"https:\/\/veiana.com\/de\/wp-json\/wp\/v2\/product\/1579","targetHints":{"allow":["GET"]}}],"collection":[{"href":"https:\/\/veiana.com\/de\/wp-json\/wp\/v2\/product"}],"about":[{"href":"https:\/\/veiana.com\/de\/wp-json\/wp\/v2\/types\/product"}],"replies":[{"embeddable":true,"href":"https:\/\/veiana.com\/de\/wp-json\/wp\/v2\/comments?post=1579"}],"wp:featuredmedia":[{"embeddable":true,"href":"https:\/\/veiana.com\/de\/wp-json\/wp\/v2\/media\/1995"}],"wp:attachment":[{"href":"https:\/\/veiana.com\/de\/wp-json\/wp\/v2\/media?parent=1579"}],"wp:term":[{"taxonomy":"product_brand","embeddable":true,"href":"https:\/\/veiana.com\/de\/wp-json\/wp\/v2\/product_brand?post=1579"},{"taxonomy":"product_cat","embeddable":true,"href":"https:\/\/veiana.com\/de\/wp-json\/wp\/v2\/product_cat?post=1579"},{"taxonomy":"product_tag","embeddable":true,"href":"https:\/\/veiana.com\/de\/wp-json\/wp\/v2\/product_tag?post=1579"}],"curies":[{"name":"wp","href":"https:\/\/api.w.org\/{rel}","templated":true}]}}