{"id":1612,"date":"2022-02-11T21:48:15","date_gmt":"2022-02-11T21:48:15","guid":{"rendered":"https:\/\/veiana.com\/shop\/marmor-versiegelung\/"},"modified":"2022-05-21T13:09:22","modified_gmt":"2022-05-21T13:09:22","slug":"marmor-pflege-schutz","status":"publish","type":"product","link":"https:\/\/veiana.com\/de\/shop\/marmor-pflege-schutz\/","title":{"rendered":"Marmor Versiegelung"},"content":{"rendered":"<p><strong>Sch\u00fctzen &amp; Impr\u00e4gnieren:<\/strong> Premiumschutz Natur Durch die Verwendung ausgew\u00e4hlter Rohstoffe wird bereits nach 10-20 Minuten eine hohe Schutzwirkung mit Abperleffekt erreicht.<\/p>\n<p><strong>Material:<\/strong> Naturstein, Marmor und Kalkstein, Granit, Quarzkomposit, Terrazzo, Schiefer, Betonwerkstein, Cotto, S\u00e4ureempfindliche Steine<\/p>\n<p><strong>Einsatzort:<\/strong> K\u00fcche, Bad &amp; Sanit\u00e4r, Tisch &amp; Fensterbank, Boden &amp; Treppe, Garten &amp; Terrasse, Grabstein &amp; Denkmal, Fassade, Wand<\/p>\n<p><strong>Oerfl\u00e4che:<\/strong> Rau, Fein geschliffen, Geschliffen, Satiniert, Gestockt, Sand gestrahlt, Antik, Ges\u00e4gt, S\u00e4gerau, Spaltrau, Poliert, Geflammt<\/p>\n<p><strong>Chemische Basis:<\/strong> L\u00f6semittelbasis<\/p>\n<p><strong>Auftragsmethode:<\/strong> Fl\u00e4chenpinsel, Mopp, Pad, Manuell, Spr\u00fchauftrag<\/p>\n<p><strong>Konzentration:<\/strong> Gebrauchsfertig<\/p>\n<p><a href=\"https:\/\/veiana.com\/wp-content\/uploads\/2022\/02\/AKEMI_Pearl-Impregnator_GB-E-I.pdf\"><span style=\"color: #0000ff;\">Produktblatt Pearl-Impregnator Englisch<\/span><\/a><\/p>\n<p><a href=\"https:\/\/veiana.com\/wp-content\/uploads\/2022\/02\/AKEMI_Pearl-Impregnator_D-F-NL.pdf\"><span style=\"color: #0000ff;\">Produktblatt PEARL-Impregnator Deutsch \/ Franz\u00f6sisch<\/span><\/a><\/p>\n","protected":false},"excerpt":{"rendered":"<div class=\"description\">\n<p>Premium-Impr\u00e4gnierung mit exzellentem wasser-, \u00f6l- und fettabweisendem Effekt. Sch\u00fctzt Naturstein, wie z.B. Marmor, Kalkstein, Granitetc. mit polierter, geschliffener oder rauer Oberfl\u00e4che. Besonders geeignet f\u00fcr die Behandlung heller Marmor- und Kalksteinfl\u00e4chen.<\/p>\n<\/div>\n","protected":false},"featured_media":1315,"comment_status":"open","ping_status":"closed","template":"","meta":[],"product_brand":[],"product_cat":[131],"product_tag":[],"class_list":{"0":"post-1612","1":"product","2":"type-product","3":"status-publish","4":"has-post-thumbnail","6":"product_cat-pflegehinweise","7":"product_shipping_class-kleinigkeiten","9":"first","10":"instock","11":"featured","12":"shipping-taxable","13":"purchasable","14":"product-type-simple"},"yoast_head":"<!-- This site is optimized with the Yoast SEO plugin v27.3 - https:\/\/yoast.com\/product\/yoast-seo-wordpress\/ -->\n<title>Marmor Versiegelung - Veiana<\/title>\n<meta name=\"robots\" content=\"index, follow, max-snippet:-1, max-image-preview:large, max-video-preview:-1\" \/>\n<link rel=\"canonical\" href=\"https:\/\/veiana.com\/de\/shop\/marmor-pflege-schutz\/\" \/>\n<meta property=\"og:locale\" content=\"de_DE\" \/>\n<meta property=\"og:type\" content=\"article\" \/>\n<meta property=\"og:title\" content=\"Marmor Versiegelung - Veiana\" \/>\n<meta property=\"og:description\" content=\"Premium-Impr\u00e4gnierung mit exzellentem wasser-, \u00f6l- und fettabweisendem Effekt. Sch\u00fctzt Naturstein, wie z.B. Marmor, Kalkstein, Granitetc. mit polierter, geschliffener oder rauer Oberfl\u00e4che. Besonders geeignet f\u00fcr die Behandlung heller Marmor- und Kalksteinfl\u00e4chen.\" \/>\n<meta property=\"og:url\" content=\"https:\/\/veiana.com\/de\/shop\/marmor-pflege-schutz\/\" \/>\n<meta property=\"og:site_name\" content=\"Veiana\" \/>\n<meta property=\"article:modified_time\" content=\"2022-05-21T13:09:22+00:00\" \/>\n<meta property=\"og:image\" content=\"https:\/\/veiana.com\/wp-content\/uploads\/2022\/02\/Akemi-polished-marble.jpg\" \/>\n\t<meta property=\"og:image:width\" content=\"1200\" \/>\n\t<meta property=\"og:image:height\" content=\"1200\" \/>\n\t<meta property=\"og:image:type\" content=\"image\/jpeg\" \/>\n<meta name=\"twitter:card\" content=\"summary_large_image\" \/>\n<script type=\"application\/ld+json\" class=\"yoast-schema-graph\">{\"@context\":\"https:\\\/\\\/schema.org\",\"@graph\":[{\"@type\":\"WebPage\",\"@id\":\"https:\\\/\\\/veiana.com\\\/de\\\/shop\\\/marmor-pflege-schutz\\\/\",\"url\":\"https:\\\/\\\/veiana.com\\\/de\\\/shop\\\/marmor-pflege-schutz\\\/\",\"name\":\"Marmor Versiegelung - Veiana\",\"isPartOf\":{\"@id\":\"https:\\\/\\\/veiana.com\\\/#website\"},\"primaryImageOfPage\":{\"@id\":\"https:\\\/\\\/veiana.com\\\/de\\\/shop\\\/marmor-pflege-schutz\\\/#primaryimage\"},\"image\":{\"@id\":\"https:\\\/\\\/veiana.com\\\/de\\\/shop\\\/marmor-pflege-schutz\\\/#primaryimage\"},\"thumbnailUrl\":\"https:\\\/\\\/veiana.com\\\/wp-content\\\/uploads\\\/2022\\\/02\\\/Akemi-polished-marble.jpg\",\"datePublished\":\"2022-02-11T21:48:15+00:00\",\"dateModified\":\"2022-05-21T13:09:22+00:00\",\"breadcrumb\":{\"@id\":\"https:\\\/\\\/veiana.com\\\/de\\\/shop\\\/marmor-pflege-schutz\\\/#breadcrumb\"},\"inLanguage\":\"de\",\"potentialAction\":[{\"@type\":\"ReadAction\",\"target\":[\"https:\\\/\\\/veiana.com\\\/de\\\/shop\\\/marmor-pflege-schutz\\\/\"]}]},{\"@type\":\"ImageObject\",\"inLanguage\":\"de\",\"@id\":\"https:\\\/\\\/veiana.com\\\/de\\\/shop\\\/marmor-pflege-schutz\\\/#primaryimage\",\"url\":\"https:\\\/\\\/veiana.com\\\/wp-content\\\/uploads\\\/2022\\\/02\\\/Akemi-polished-marble.jpg\",\"contentUrl\":\"https:\\\/\\\/veiana.com\\\/wp-content\\\/uploads\\\/2022\\\/02\\\/Akemi-polished-marble.jpg\",\"width\":1200,\"height\":1200,\"caption\":\"Premium Pearl impregnation f\u00fcr den Marmorschutz - Veiana\"},{\"@type\":\"BreadcrumbList\",\"@id\":\"https:\\\/\\\/veiana.com\\\/de\\\/shop\\\/marmor-pflege-schutz\\\/#breadcrumb\",\"itemListElement\":[{\"@type\":\"ListItem\",\"position\":1,\"name\":\"Home\",\"item\":\"https:\\\/\\\/veiana.com\\\/de\\\/home\\\/\"},{\"@type\":\"ListItem\",\"position\":2,\"name\":\"Shop\",\"item\":\"https:\\\/\\\/veiana.com\\\/shop-marble-block\\\/\"},{\"@type\":\"ListItem\",\"position\":3,\"name\":\"Marmor Versiegelung\"}]},{\"@type\":\"WebSite\",\"@id\":\"https:\\\/\\\/veiana.com\\\/#website\",\"url\":\"https:\\\/\\\/veiana.com\\\/\",\"name\":\"Veiana\",\"description\":\"\",\"publisher\":{\"@id\":\"https:\\\/\\\/veiana.com\\\/#organization\"},\"potentialAction\":[{\"@type\":\"SearchAction\",\"target\":{\"@type\":\"EntryPoint\",\"urlTemplate\":\"https:\\\/\\\/veiana.com\\\/?s={search_term_string}\"},\"query-input\":{\"@type\":\"PropertyValueSpecification\",\"valueRequired\":true,\"valueName\":\"search_term_string\"}}],\"inLanguage\":\"de\"},{\"@type\":\"Organization\",\"@id\":\"https:\\\/\\\/veiana.com\\\/#organization\",\"name\":\"Veiana\",\"url\":\"https:\\\/\\\/veiana.com\\\/\",\"logo\":{\"@type\":\"ImageObject\",\"inLanguage\":\"de\",\"@id\":\"https:\\\/\\\/veiana.com\\\/#\\\/schema\\\/logo\\\/image\\\/\",\"url\":\"https:\\\/\\\/veiana.com\\\/wp-content\\\/uploads\\\/2022\\\/02\\\/Full-logo.png\",\"contentUrl\":\"https:\\\/\\\/veiana.com\\\/wp-content\\\/uploads\\\/2022\\\/02\\\/Full-logo.png\",\"width\":591,\"height\":167,\"caption\":\"Veiana\"},\"image\":{\"@id\":\"https:\\\/\\\/veiana.com\\\/#\\\/schema\\\/logo\\\/image\\\/\"},\"sameAs\":[\"https:\\\/\\\/www.instagram.com\\\/veiana_home\\\/\"]}]}<\/script>\n<!-- \/ Yoast SEO plugin. -->","yoast_head_json":{"title":"Marmor Versiegelung - Veiana","robots":{"index":"index","follow":"follow","max-snippet":"max-snippet:-1","max-image-preview":"max-image-preview:large","max-video-preview":"max-video-preview:-1"},"canonical":"https:\/\/veiana.com\/de\/shop\/marmor-pflege-schutz\/","og_locale":"de_DE","og_type":"article","og_title":"Marmor Versiegelung - Veiana","og_description":"Premium-Impr\u00e4gnierung mit exzellentem wasser-, \u00f6l- und fettabweisendem Effekt. Sch\u00fctzt Naturstein, wie z.B. Marmor, Kalkstein, Granitetc. mit polierter, geschliffener oder rauer Oberfl\u00e4che. Besonders geeignet f\u00fcr die Behandlung heller Marmor- und Kalksteinfl\u00e4chen.","og_url":"https:\/\/veiana.com\/de\/shop\/marmor-pflege-schutz\/","og_site_name":"Veiana","article_modified_time":"2022-05-21T13:09:22+00:00","og_image":[{"width":1200,"height":1200,"url":"https:\/\/veiana.com\/wp-content\/uploads\/2022\/02\/Akemi-polished-marble.jpg","type":"image\/jpeg"}],"twitter_card":"summary_large_image","schema":{"@context":"https:\/\/schema.org","@graph":[{"@type":"WebPage","@id":"https:\/\/veiana.com\/de\/shop\/marmor-pflege-schutz\/","url":"https:\/\/veiana.com\/de\/shop\/marmor-pflege-schutz\/","name":"Marmor Versiegelung - Veiana","isPartOf":{"@id":"https:\/\/veiana.com\/#website"},"primaryImageOfPage":{"@id":"https:\/\/veiana.com\/de\/shop\/marmor-pflege-schutz\/#primaryimage"},"image":{"@id":"https:\/\/veiana.com\/de\/shop\/marmor-pflege-schutz\/#primaryimage"},"thumbnailUrl":"https:\/\/veiana.com\/wp-content\/uploads\/2022\/02\/Akemi-polished-marble.jpg","datePublished":"2022-02-11T21:48:15+00:00","dateModified":"2022-05-21T13:09:22+00:00","breadcrumb":{"@id":"https:\/\/veiana.com\/de\/shop\/marmor-pflege-schutz\/#breadcrumb"},"inLanguage":"de","potentialAction":[{"@type":"ReadAction","target":["https:\/\/veiana.com\/de\/shop\/marmor-pflege-schutz\/"]}]},{"@type":"ImageObject","inLanguage":"de","@id":"https:\/\/veiana.com\/de\/shop\/marmor-pflege-schutz\/#primaryimage","url":"https:\/\/veiana.com\/wp-content\/uploads\/2022\/02\/Akemi-polished-marble.jpg","contentUrl":"https:\/\/veiana.com\/wp-content\/uploads\/2022\/02\/Akemi-polished-marble.jpg","width":1200,"height":1200,"caption":"Premium Pearl impregnation f\u00fcr den Marmorschutz - Veiana"},{"@type":"BreadcrumbList","@id":"https:\/\/veiana.com\/de\/shop\/marmor-pflege-schutz\/#breadcrumb","itemListElement":[{"@type":"ListItem","position":1,"name":"Home","item":"https:\/\/veiana.com\/de\/home\/"},{"@type":"ListItem","position":2,"name":"Shop","item":"https:\/\/veiana.com\/shop-marble-block\/"},{"@type":"ListItem","position":3,"name":"Marmor Versiegelung"}]},{"@type":"WebSite","@id":"https:\/\/veiana.com\/#website","url":"https:\/\/veiana.com\/","name":"Veiana","description":"","publisher":{"@id":"https:\/\/veiana.com\/#organization"},"potentialAction":[{"@type":"SearchAction","target":{"@type":"EntryPoint","urlTemplate":"https:\/\/veiana.com\/?s={search_term_string}"},"query-input":{"@type":"PropertyValueSpecification","valueRequired":true,"valueName":"search_term_string"}}],"inLanguage":"de"},{"@type":"Organization","@id":"https:\/\/veiana.com\/#organization","name":"Veiana","url":"https:\/\/veiana.com\/","logo":{"@type":"ImageObject","inLanguage":"de","@id":"https:\/\/veiana.com\/#\/schema\/logo\/image\/","url":"https:\/\/veiana.com\/wp-content\/uploads\/2022\/02\/Full-logo.png","contentUrl":"https:\/\/veiana.com\/wp-content\/uploads\/2022\/02\/Full-logo.png","width":591,"height":167,"caption":"Veiana"},"image":{"@id":"https:\/\/veiana.com\/#\/schema\/logo\/image\/"},"sameAs":["https:\/\/www.instagram.com\/veiana_home\/"]}]}},"jetpack_sharing_enabled":true,"_links":{"self":[{"href":"https:\/\/veiana.com\/de\/wp-json\/wp\/v2\/product\/1612","targetHints":{"allow":["GET"]}}],"collection":[{"href":"https:\/\/veiana.com\/de\/wp-json\/wp\/v2\/product"}],"about":[{"href":"https:\/\/veiana.com\/de\/wp-json\/wp\/v2\/types\/product"}],"replies":[{"embeddable":true,"href":"https:\/\/veiana.com\/de\/wp-json\/wp\/v2\/comments?post=1612"}],"wp:featuredmedia":[{"embeddable":true,"href":"https:\/\/veiana.com\/de\/wp-json\/wp\/v2\/media\/1315"}],"wp:attachment":[{"href":"https:\/\/veiana.com\/de\/wp-json\/wp\/v2\/media?parent=1612"}],"wp:term":[{"taxonomy":"product_brand","embeddable":true,"href":"https:\/\/veiana.com\/de\/wp-json\/wp\/v2\/product_brand?post=1612"},{"taxonomy":"product_cat","embeddable":true,"href":"https:\/\/veiana.com\/de\/wp-json\/wp\/v2\/product_cat?post=1612"},{"taxonomy":"product_tag","embeddable":true,"href":"https:\/\/veiana.com\/de\/wp-json\/wp\/v2\/product_tag?post=1612"}],"curies":[{"name":"wp","href":"https:\/\/api.w.org\/{rel}","templated":true}]}}