{"id":1624,"date":"2022-02-13T09:04:46","date_gmt":"2022-02-13T09:04:46","guid":{"rendered":"https:\/\/veiana.com\/mentions-legales\/"},"modified":"2022-03-21T20:15:58","modified_gmt":"2022-03-21T20:15:58","slug":"mentions-legales","status":"publish","type":"page","link":"https:\/\/veiana.com\/fr\/mentions-legales\/","title":{"rendered":"Mentions l\u00e9gales"},"content":{"rendered":"\n<div class=\"row\"  id=\"row-1563928994\">\n\n\n\t<div id=\"col-103818167\" class=\"col medium-6 small-12 large-6\"  >\n\t\t\t\t<div class=\"col-inner\"  >\n\t\t\t\n\t\t\t\n\n<p><span style=\"font-size: 115%;\"><strong>Contact<\/strong><\/span><br>Vei<span style=\"font-size: 100%;\">ana KIG<br>c\/o: Santos \/ Scherbaum<br>Zentralstrasse 76<br>8003 Z\u00fcrich<br>Suisse<\/span><\/p>\n<p>T\u00e9l\u00e9phone: (+41) 78 737 31 51<br>Email: info@veiana.com<\/p>\n<p>Repr\u00e9sent\u00e9 par: Diana Santos &amp; Simon Scherbaum<\/p>\n<p>UID: CHE-189.177.681<br>Num\u00e9ro de TVA: CHE-189.177.681 MWST<\/p>\n<p><span style=\"font-size: 115%;\"><strong>Droits d&rsquo;auteur<\/strong><\/span><br>Tout le contenu fourni sur ce site est prot\u00e9g\u00e9 par le droit d&rsquo;auteur. Ces informations ne peuvent \u00eatre copi\u00e9es ou distribu\u00e9es, en totalit\u00e9 ou en partie, sans l&rsquo;accord \u00e9crit pr\u00e9alable de Veiana KIG. La fourniture de fichiers ou d&rsquo;informations fournis sur ce site web directement sur d&rsquo;autres sites web ou d&rsquo;autres moyens de distribution n\u00e9cessite le consentement \u00e9crit de Veiana KIG.<\/p>\n<p> <\/p>\n\n\t\t<\/div>\n\t\t\t\t\t<\/div>\n\n\t\n\n\t<div id=\"col-1846507140\" class=\"col medium-6 small-12 large-6\"  >\n\t\t\t\t<div class=\"col-inner\"  >\n\t\t\t\n\t\t\t\n\n\n\t\t<\/div>\n\t\t\t\t\t<\/div>\n\n\t\n\n<\/div>\n\n","protected":false},"excerpt":{"rendered":"","protected":false},"author":1,"featured_media":0,"parent":0,"menu_order":0,"comment_status":"closed","ping_status":"closed","template":"","meta":{"footnotes":""},"class_list":["post-1624","page","type-page","status-publish","hentry"],"yoast_head":"<!-- This site is optimized with the Yoast SEO plugin v27.3 - https:\/\/yoast.com\/product\/yoast-seo-wordpress\/ -->\n<title>Mentions l\u00e9gales - Veiana<\/title>\n<meta name=\"robots\" content=\"index, follow, max-snippet:-1, max-image-preview:large, max-video-preview:-1\" \/>\n<link rel=\"canonical\" href=\"https:\/\/veiana.com\/fr\/mentions-legales\/\" \/>\n<meta property=\"og:locale\" content=\"fr_FR\" \/>\n<meta property=\"og:type\" content=\"article\" \/>\n<meta property=\"og:title\" content=\"Mentions l\u00e9gales - Veiana\" \/>\n<meta property=\"og:url\" content=\"https:\/\/veiana.com\/fr\/mentions-legales\/\" \/>\n<meta property=\"og:site_name\" content=\"Veiana\" \/>\n<meta property=\"article:modified_time\" content=\"2022-03-21T20:15:58+00:00\" \/>\n<meta name=\"twitter:card\" content=\"summary_large_image\" \/>\n<meta name=\"twitter:label1\" content=\"Dur\u00e9e de lecture estim\u00e9e\" \/>\n\t<meta name=\"twitter:data1\" content=\"1 minute\" \/>\n<script type=\"application\/ld+json\" class=\"yoast-schema-graph\">{\"@context\":\"https:\\\/\\\/schema.org\",\"@graph\":[{\"@type\":\"WebPage\",\"@id\":\"https:\\\/\\\/veiana.com\\\/fr\\\/mentions-legales\\\/\",\"url\":\"https:\\\/\\\/veiana.com\\\/fr\\\/mentions-legales\\\/\",\"name\":\"Mentions l\u00e9gales - Veiana\",\"isPartOf\":{\"@id\":\"https:\\\/\\\/veiana.com\\\/#website\"},\"datePublished\":\"2022-02-13T09:04:46+00:00\",\"dateModified\":\"2022-03-21T20:15:58+00:00\",\"breadcrumb\":{\"@id\":\"https:\\\/\\\/veiana.com\\\/fr\\\/mentions-legales\\\/#breadcrumb\"},\"inLanguage\":\"fr-FR\",\"potentialAction\":[{\"@type\":\"ReadAction\",\"target\":[\"https:\\\/\\\/veiana.com\\\/fr\\\/mentions-legales\\\/\"]}]},{\"@type\":\"BreadcrumbList\",\"@id\":\"https:\\\/\\\/veiana.com\\\/fr\\\/mentions-legales\\\/#breadcrumb\",\"itemListElement\":[{\"@type\":\"ListItem\",\"position\":1,\"name\":\"Home\",\"item\":\"https:\\\/\\\/veiana.com\\\/fr\\\/home\\\/\"},{\"@type\":\"ListItem\",\"position\":2,\"name\":\"Mentions l\u00e9gales\"}]},{\"@type\":\"WebSite\",\"@id\":\"https:\\\/\\\/veiana.com\\\/#website\",\"url\":\"https:\\\/\\\/veiana.com\\\/\",\"name\":\"Veiana\",\"description\":\"\",\"publisher\":{\"@id\":\"https:\\\/\\\/veiana.com\\\/#organization\"},\"potentialAction\":[{\"@type\":\"SearchAction\",\"target\":{\"@type\":\"EntryPoint\",\"urlTemplate\":\"https:\\\/\\\/veiana.com\\\/?s={search_term_string}\"},\"query-input\":{\"@type\":\"PropertyValueSpecification\",\"valueRequired\":true,\"valueName\":\"search_term_string\"}}],\"inLanguage\":\"fr-FR\"},{\"@type\":\"Organization\",\"@id\":\"https:\\\/\\\/veiana.com\\\/#organization\",\"name\":\"Veiana\",\"url\":\"https:\\\/\\\/veiana.com\\\/\",\"logo\":{\"@type\":\"ImageObject\",\"inLanguage\":\"fr-FR\",\"@id\":\"https:\\\/\\\/veiana.com\\\/#\\\/schema\\\/logo\\\/image\\\/\",\"url\":\"https:\\\/\\\/veiana.com\\\/wp-content\\\/uploads\\\/2022\\\/02\\\/Full-logo.png\",\"contentUrl\":\"https:\\\/\\\/veiana.com\\\/wp-content\\\/uploads\\\/2022\\\/02\\\/Full-logo.png\",\"width\":591,\"height\":167,\"caption\":\"Veiana\"},\"image\":{\"@id\":\"https:\\\/\\\/veiana.com\\\/#\\\/schema\\\/logo\\\/image\\\/\"},\"sameAs\":[\"https:\\\/\\\/www.instagram.com\\\/veiana_home\\\/\"]}]}<\/script>\n<!-- \/ Yoast SEO plugin. -->","yoast_head_json":{"title":"Mentions l\u00e9gales - Veiana","robots":{"index":"index","follow":"follow","max-snippet":"max-snippet:-1","max-image-preview":"max-image-preview:large","max-video-preview":"max-video-preview:-1"},"canonical":"https:\/\/veiana.com\/fr\/mentions-legales\/","og_locale":"fr_FR","og_type":"article","og_title":"Mentions l\u00e9gales - Veiana","og_url":"https:\/\/veiana.com\/fr\/mentions-legales\/","og_site_name":"Veiana","article_modified_time":"2022-03-21T20:15:58+00:00","twitter_card":"summary_large_image","twitter_misc":{"Dur\u00e9e de lecture estim\u00e9e":"1 minute"},"schema":{"@context":"https:\/\/schema.org","@graph":[{"@type":"WebPage","@id":"https:\/\/veiana.com\/fr\/mentions-legales\/","url":"https:\/\/veiana.com\/fr\/mentions-legales\/","name":"Mentions l\u00e9gales - Veiana","isPartOf":{"@id":"https:\/\/veiana.com\/#website"},"datePublished":"2022-02-13T09:04:46+00:00","dateModified":"2022-03-21T20:15:58+00:00","breadcrumb":{"@id":"https:\/\/veiana.com\/fr\/mentions-legales\/#breadcrumb"},"inLanguage":"fr-FR","potentialAction":[{"@type":"ReadAction","target":["https:\/\/veiana.com\/fr\/mentions-legales\/"]}]},{"@type":"BreadcrumbList","@id":"https:\/\/veiana.com\/fr\/mentions-legales\/#breadcrumb","itemListElement":[{"@type":"ListItem","position":1,"name":"Home","item":"https:\/\/veiana.com\/fr\/home\/"},{"@type":"ListItem","position":2,"name":"Mentions l\u00e9gales"}]},{"@type":"WebSite","@id":"https:\/\/veiana.com\/#website","url":"https:\/\/veiana.com\/","name":"Veiana","description":"","publisher":{"@id":"https:\/\/veiana.com\/#organization"},"potentialAction":[{"@type":"SearchAction","target":{"@type":"EntryPoint","urlTemplate":"https:\/\/veiana.com\/?s={search_term_string}"},"query-input":{"@type":"PropertyValueSpecification","valueRequired":true,"valueName":"search_term_string"}}],"inLanguage":"fr-FR"},{"@type":"Organization","@id":"https:\/\/veiana.com\/#organization","name":"Veiana","url":"https:\/\/veiana.com\/","logo":{"@type":"ImageObject","inLanguage":"fr-FR","@id":"https:\/\/veiana.com\/#\/schema\/logo\/image\/","url":"https:\/\/veiana.com\/wp-content\/uploads\/2022\/02\/Full-logo.png","contentUrl":"https:\/\/veiana.com\/wp-content\/uploads\/2022\/02\/Full-logo.png","width":591,"height":167,"caption":"Veiana"},"image":{"@id":"https:\/\/veiana.com\/#\/schema\/logo\/image\/"},"sameAs":["https:\/\/www.instagram.com\/veiana_home\/"]}]}},"jetpack_sharing_enabled":true,"_links":{"self":[{"href":"https:\/\/veiana.com\/fr\/wp-json\/wp\/v2\/pages\/1624","targetHints":{"allow":["GET"]}}],"collection":[{"href":"https:\/\/veiana.com\/fr\/wp-json\/wp\/v2\/pages"}],"about":[{"href":"https:\/\/veiana.com\/fr\/wp-json\/wp\/v2\/types\/page"}],"author":[{"embeddable":true,"href":"https:\/\/veiana.com\/fr\/wp-json\/wp\/v2\/users\/1"}],"replies":[{"embeddable":true,"href":"https:\/\/veiana.com\/fr\/wp-json\/wp\/v2\/comments?post=1624"}],"version-history":[{"count":3,"href":"https:\/\/veiana.com\/fr\/wp-json\/wp\/v2\/pages\/1624\/revisions"}],"predecessor-version":[{"id":1635,"href":"https:\/\/veiana.com\/fr\/wp-json\/wp\/v2\/pages\/1624\/revisions\/1635"}],"wp:attachment":[{"href":"https:\/\/veiana.com\/fr\/wp-json\/wp\/v2\/media?parent=1624"}],"curies":[{"name":"wp","href":"https:\/\/api.w.org\/{rel}","templated":true}]}}