{"id":1653,"date":"2013-08-11T19:06:15","date_gmt":"2013-08-11T19:06:15","guid":{"rendered":"https:\/\/veiana.com\/sur-veiana\/"},"modified":"2024-01-14T20:09:20","modified_gmt":"2024-01-14T20:09:20","slug":"sur-veiana","status":"publish","type":"page","link":"https:\/\/veiana.com\/fr\/sur-veiana\/","title":{"rendered":"Sur Veiana"},"content":{"rendered":"\n\n  <div class=\"banner has-hover bg-color has-parallax\" id=\"banner-736608622\">\n          <div class=\"banner-inner fill\">\n        <div class=\"banner-bg fill\" data-parallax=\"-3\" data-parallax-container=\".banner\" data-parallax-background>\n            <img loading=\"lazy\" decoding=\"async\" width=\"1020\" height=\"765\" src=\"https:\/\/veiana.com\/wp-content\/uploads\/2022\/02\/Marbel-table-block-I-1067x800.jpg\" class=\"bg attachment-large size-large\" alt=\"\" \/>                                    \n                    <\/div>\n\t\t\n        <div class=\"banner-layers container\">\n            <div class=\"fill banner-link\"><\/div>            \n\n   <div id=\"text-box-1159273954\" class=\"text-box banner-layer x50 md-x50 lg-x50 y90 md-y60 lg-y60 res-text\">\n                                <div class=\"text-box-content text dark\">\n              \n              <div class=\"text-inner text-center\">\n                  \n\n\t<div id=\"text-411783328\" class=\"text\">\n\t\t\n\n<h1 class=\"lead\"><span style=\"font-size: 90%;\">Sur Veiana<\/span><\/h1>\n<p class=\"lead\"><span style=\"font-size: 110%;\">Veiana a \u00e9t\u00e9 fond\u00e9e par nous, Diana et Simon. Notre maison a \u00e9t\u00e9 notre premier tableau dans lequel notre passion pour la d\u00e9coration int\u00e9rieure est n\u00e9e et s&rsquo;est d\u00e9velopp\u00e9e.<\/span><\/p>\n\t\t\n<style>\n#text-411783328 {\n  font-size: 0.9rem;\n}\n<\/style>\n\t<\/div>\n\t\n\n              <\/div>\n           <\/div>\n                            \n<style>\n#text-box-1159273954 {\n  margin: 0 0px 0px 0px;\n  width: 75%;\n}\n#text-box-1159273954 .text-box-content {\n  background-color: rgba(114, 110, 88, 0.558);\n  font-size: 100%;\n}\n#text-box-1159273954 .text-inner {\n  padding: 5px 30px 5px 30px;\n}\n@media (min-width:550px) {\n  #text-box-1159273954 {\n    margin: 0px 0px 0px 0px;\n  }\n}\n<\/style>\n    <\/div>\n \n\n        <\/div>\n      <\/div>\n\n            \n<style>\n#banner-736608622 {\n  padding-top: 690px;\n}\n#banner-736608622 .banner-bg img {\n  object-position: 42% 38%;\n}\n<\/style>\n  <\/div>\n\n\n<div class=\"row row-full-width align-center\"  id=\"row-1205058067\">\n\n\n\t<div id=\"col-1966473720\" class=\"col medium-10 small-12 large-10\"  >\n\t\t\t\t<div class=\"col-inner\"  >\n\t\t\t\n\t\t\t\n\n\t<div id=\"text-3214840726\" class=\"text\">\n\t\t\n\n<h2 class=\"lead text-center\"><b><br><span style=\"font-size: 90%;\">Notre objectif: R\u00e9hausser votre maison<\/span><\/b><\/h2>\n<p class=\"lead text-center\"><b><br>Nous nous consacrons enti\u00e8rement \u00e0 la cr\u00e9ation de meubles en marbre \u00e9l\u00e9gants et intemporels pour votre maison. Notre mission est de faire en sorte que votre int\u00e9rieur soit d\u00e9bordant de vie et de passion. Le marbre est une pierre naturelle et durable qui a \u00e9t\u00e9 utilis\u00e9e pour les plus extraordinaires \u0153uvres d&rsquo;art. Ajoutez une touche de splendeur et de beaut\u00e9 \u00e0 votre int\u00e9rieur avec votre propre table basse architecturale.&nbsp;<\/b><\/p>\n\t\t\n<style>\n#text-3214840726 {\n  font-size: 0.95rem;\n}\n<\/style>\n\t<\/div>\n\t\n<div class=\"text-center\"><div class=\"is-divider divider clearfix\" ><\/div><\/div>\n\n\n\t\t<\/div>\n\t\t\t\t\t<\/div>\n\n\t\n\n<\/div>\n<div class=\"row align-center\"  id=\"row-1973321013\">\n\n\n\t<div id=\"col-591684120\" class=\"col medium-5 small-12 large-5\"  >\n\t\t\t\t<div class=\"col-inner\"  >\n\t\t\t\n\t\t\t\n\n    <div class=\"box has-hover has-hover box-default box-text-bottom\" >\n\n                  <div class=\"box-image \" style=\"width:70%;\">\n           <div class=\"box-image-inner image-cover\" style=\"border-radius:100%;padding-top:100%;\">\n              <img loading=\"lazy\" decoding=\"async\" width=\"1505\" height=\"1602\" src=\"https:\/\/veiana.com\/wp-content\/uploads\/2022\/05\/diana-co-founder-veiana.jpg\" class=\"attachment- size-\" alt=\"Designer and co-founder of Veiana\" srcset=\"https:\/\/veiana.com\/wp-content\/uploads\/2022\/05\/diana-co-founder-veiana.jpg 1505w, https:\/\/veiana.com\/wp-content\/uploads\/2022\/05\/diana-co-founder-veiana-600x639.jpg 600w, https:\/\/veiana.com\/wp-content\/uploads\/2022\/05\/diana-co-founder-veiana-376x400.jpg 376w, https:\/\/veiana.com\/wp-content\/uploads\/2022\/05\/diana-co-founder-veiana-752x800.jpg 752w, https:\/\/veiana.com\/wp-content\/uploads\/2022\/05\/diana-co-founder-veiana-768x817.jpg 768w, https:\/\/veiana.com\/wp-content\/uploads\/2022\/05\/diana-co-founder-veiana-1443x1536.jpg 1443w, https:\/\/veiana.com\/wp-content\/uploads\/2022\/05\/diana-co-founder-veiana-1320x1405.jpg 1320w\" sizes=\"auto, (max-width: 1505px) 100vw, 1505px\" \/>                         <\/div>\n          <\/div>\n         \n          <div class=\"box-text text-center\" >\n                <div class=\"box-text-inner\">\n                  <h4 class=\"uppercase\">\n                    <span class=\"person-name\">Diana<\/span><br\/>\n                    <span class=\"person-title is-small thin-font op-7\">\n                      CO-Foundatrice                    <\/span>\n                  <\/h4>\n\t\t\t\t\t<div class=\"social-icons follow-icons\" ><a href=\"https:\/\/www.instagram.com\/veiana_home\/\" target=\"_blank\" data-label=\"Instagram\" class=\"icon button circle is-outline tooltip instagram\" title=\"Nous suivre sur Instagram\" aria-label=\"Nous suivre sur Instagram\" rel=\"noopener nofollow\"><i class=\"icon-instagram\" aria-hidden=\"true\"><\/i><\/a><a href=\"mailto:diana@veiana.com\" data-label=\"E-mail\" target=\"_blank\" class=\"icon button circle is-outline tooltip email\" title=\"Nous envoyer un email\" aria-label=\"Nous envoyer un email\" rel=\"nofollow noopener\"><i class=\"icon-envelop\" aria-hidden=\"true\"><\/i><\/a><a href=\"https:\/\/www.linkedin.com\/in\/santos-diana-796102b6\/\" data-label=\"LinkedIn\" target=\"_blank\" class=\"icon button circle is-outline tooltip linkedin\" title=\"Nous suivre sur LinkedIn\" aria-label=\"Nous suivre sur LinkedIn\" rel=\"noopener nofollow\"><i class=\"icon-linkedin\" aria-hidden=\"true\"><\/i><\/a><\/div>\n\n<p>Ol\u00e1! Le design d&rsquo;int\u00e9rieur est mon moteur constant. Enfant, je d\u00e9pla\u00e7ais sans cesse les meubles de ma chambre pour trouver l&rsquo;harmonie parfaite. Bien que je pense aujourd&rsquo;hui que la perfection est inatteignable, j&rsquo;esp\u00e8re apporter \u00e0 votre maison des pi\u00e8ces de marbre uniques et \u00e9l\u00e9gantes qui s&rsquo;en approchent.<\/p>\n\n                <\/div>\n          <\/div>\n    <\/div>\n\n\t\n    \n\n\t\t<\/div>\n\t\t\t\t\t<\/div>\n\n\t\n\n\t<div id=\"col-1145690810\" class=\"col medium-5 small-12 large-5\"  >\n\t\t\t\t<div class=\"col-inner\"  >\n\t\t\t\n\t\t\t\n\n    <div class=\"box has-hover has-hover box-default box-text-bottom\" >\n\n                  <div class=\"box-image \" style=\"width:70%;\">\n           <div class=\"box-image-inner image-cover\" style=\"border-radius:100%;padding-top:100%;\">\n              <img loading=\"lazy\" decoding=\"async\" width=\"1517\" height=\"1667\" src=\"https:\/\/veiana.com\/wp-content\/uploads\/2022\/05\/simon-co-founder-veiana-1.jpg\" class=\"attachment- size-\" alt=\"Designer and co-founder of Veiana\" srcset=\"https:\/\/veiana.com\/wp-content\/uploads\/2022\/05\/simon-co-founder-veiana-1.jpg 1517w, https:\/\/veiana.com\/wp-content\/uploads\/2022\/05\/simon-co-founder-veiana-1-600x659.jpg 600w, https:\/\/veiana.com\/wp-content\/uploads\/2022\/05\/simon-co-founder-veiana-1-364x400.jpg 364w, https:\/\/veiana.com\/wp-content\/uploads\/2022\/05\/simon-co-founder-veiana-1-728x800.jpg 728w, https:\/\/veiana.com\/wp-content\/uploads\/2022\/05\/simon-co-founder-veiana-1-768x844.jpg 768w, https:\/\/veiana.com\/wp-content\/uploads\/2022\/05\/simon-co-founder-veiana-1-1398x1536.jpg 1398w, https:\/\/veiana.com\/wp-content\/uploads\/2022\/05\/simon-co-founder-veiana-1-1320x1451.jpg 1320w\" sizes=\"auto, (max-width: 1517px) 100vw, 1517px\" \/>                         <\/div>\n          <\/div>\n         \n          <div class=\"box-text text-center\" >\n                <div class=\"box-text-inner\">\n                  <h4 class=\"uppercase\">\n                    <span class=\"person-name\">Simon<\/span><br\/>\n                    <span class=\"person-title is-small thin-font op-7\">\n                      CO-FOUNDATEUR                    <\/span>\n                  <\/h4>\n\t\t\t\t\t<div class=\"social-icons follow-icons\" ><a href=\"https:\/\/www.instagram.com\/veiana_home\/\" target=\"_blank\" data-label=\"Instagram\" class=\"icon button circle is-outline tooltip instagram\" title=\"Nous suivre sur Instagram\" aria-label=\"Nous suivre sur Instagram\" rel=\"noopener nofollow\"><i class=\"icon-instagram\" aria-hidden=\"true\"><\/i><\/a><a href=\"mailto:simon@veiana.com\" data-label=\"E-mail\" target=\"_blank\" class=\"icon button circle is-outline tooltip email\" title=\"Nous envoyer un email\" aria-label=\"Nous envoyer un email\" rel=\"nofollow noopener\"><i class=\"icon-envelop\" aria-hidden=\"true\"><\/i><\/a><a href=\"https:\/\/www.linkedin.com\/in\/simon-scherbaum\/\" data-label=\"LinkedIn\" target=\"_blank\" class=\"icon button circle is-outline tooltip linkedin\" title=\"Nous suivre sur LinkedIn\" aria-label=\"Nous suivre sur LinkedIn\" rel=\"noopener nofollow\"><i class=\"icon-linkedin\" aria-hidden=\"true\"><\/i><\/a><\/div>\n\n<p>Hallo! Cr\u00e9er des meubles \u00e0 partir de ressources et de mat\u00e9riaux naturels, voil\u00e0 ce qui m&rsquo;enthousiasme. Donner le bon ton \u00e0 l&rsquo;int\u00e9rieur et cr\u00e9er une synergie entre les maisons est un aspect crucial d&rsquo;un am\u00e9nagement r\u00e9ussi. J&rsquo;ai h\u00e2te d&rsquo;apporter le plus haut savoir-faire artistique \u00e0 ton s\u00e9jour et \u00e0 la d\u00e9coration de ton int\u00e9rieur. <\/p>\n\n                <\/div>\n          <\/div>\n    <\/div>\n\n\t\n    \n\n\t\t<\/div>\n\t\t\t\t\t<\/div>\n\n\t\n\n<\/div>\n","protected":false},"excerpt":{"rendered":"","protected":false},"author":1,"featured_media":0,"parent":0,"menu_order":0,"comment_status":"closed","ping_status":"closed","template":"page-transparent-header-light.php","meta":{"footnotes":""},"class_list":["post-1653","page","type-page","status-publish","hentry"],"yoast_head":"<!-- This site is optimized with the Yoast SEO plugin v27.3 - https:\/\/yoast.com\/product\/yoast-seo-wordpress\/ -->\n<title>Petit commerce et blocs de marbre uniques<\/title>\n<meta name=\"description\" content=\"Passionn\u00e9s par les mat\u00e9riaux naturels et les roches, nous sommes une PME qui con\u00e7oit des meubles pour votre maison, qui s\u00e9duit par leur modernit\u00e9 et leurs lignes simples.\" \/>\n<meta name=\"robots\" content=\"index, follow, max-snippet:-1, max-image-preview:large, max-video-preview:-1\" \/>\n<link rel=\"canonical\" href=\"https:\/\/veiana.com\/fr\/sur-veiana\/\" \/>\n<meta property=\"og:locale\" content=\"fr_FR\" \/>\n<meta property=\"og:type\" content=\"article\" \/>\n<meta property=\"og:title\" content=\"Petit commerce et blocs de marbre uniques\" \/>\n<meta property=\"og:description\" content=\"Passionn\u00e9s par les mat\u00e9riaux naturels et les roches, nous sommes une PME qui con\u00e7oit des meubles pour votre maison, qui s\u00e9duit par leur modernit\u00e9 et leurs lignes simples.\" \/>\n<meta property=\"og:url\" content=\"https:\/\/veiana.com\/fr\/sur-veiana\/\" \/>\n<meta property=\"og:site_name\" content=\"Veiana\" \/>\n<meta property=\"article:modified_time\" content=\"2024-01-14T20:09:20+00:00\" \/>\n<meta name=\"twitter:card\" content=\"summary_large_image\" \/>\n<meta name=\"twitter:label1\" content=\"Dur\u00e9e de lecture estim\u00e9e\" \/>\n\t<meta name=\"twitter:data1\" content=\"2 minutes\" \/>\n<script type=\"application\/ld+json\" class=\"yoast-schema-graph\">{\"@context\":\"https:\\\/\\\/schema.org\",\"@graph\":[{\"@type\":\"WebPage\",\"@id\":\"https:\\\/\\\/veiana.com\\\/fr\\\/sur-veiana\\\/\",\"url\":\"https:\\\/\\\/veiana.com\\\/fr\\\/sur-veiana\\\/\",\"name\":\"Petit commerce et blocs de marbre uniques\",\"isPartOf\":{\"@id\":\"https:\\\/\\\/veiana.com\\\/#website\"},\"datePublished\":\"2013-08-11T19:06:15+00:00\",\"dateModified\":\"2024-01-14T20:09:20+00:00\",\"description\":\"Passionn\u00e9s par les mat\u00e9riaux naturels et les roches, nous sommes une PME qui con\u00e7oit des meubles pour votre maison, qui s\u00e9duit par leur modernit\u00e9 et leurs lignes simples.\",\"breadcrumb\":{\"@id\":\"https:\\\/\\\/veiana.com\\\/fr\\\/sur-veiana\\\/#breadcrumb\"},\"inLanguage\":\"fr-FR\",\"potentialAction\":[{\"@type\":\"ReadAction\",\"target\":[\"https:\\\/\\\/veiana.com\\\/fr\\\/sur-veiana\\\/\"]}]},{\"@type\":\"BreadcrumbList\",\"@id\":\"https:\\\/\\\/veiana.com\\\/fr\\\/sur-veiana\\\/#breadcrumb\",\"itemListElement\":[{\"@type\":\"ListItem\",\"position\":1,\"name\":\"Home\",\"item\":\"https:\\\/\\\/veiana.com\\\/fr\\\/home\\\/\"},{\"@type\":\"ListItem\",\"position\":2,\"name\":\"Sur Veiana\"}]},{\"@type\":\"WebSite\",\"@id\":\"https:\\\/\\\/veiana.com\\\/#website\",\"url\":\"https:\\\/\\\/veiana.com\\\/\",\"name\":\"Veiana\",\"description\":\"\",\"publisher\":{\"@id\":\"https:\\\/\\\/veiana.com\\\/#organization\"},\"potentialAction\":[{\"@type\":\"SearchAction\",\"target\":{\"@type\":\"EntryPoint\",\"urlTemplate\":\"https:\\\/\\\/veiana.com\\\/?s={search_term_string}\"},\"query-input\":{\"@type\":\"PropertyValueSpecification\",\"valueRequired\":true,\"valueName\":\"search_term_string\"}}],\"inLanguage\":\"fr-FR\"},{\"@type\":\"Organization\",\"@id\":\"https:\\\/\\\/veiana.com\\\/#organization\",\"name\":\"Veiana\",\"url\":\"https:\\\/\\\/veiana.com\\\/\",\"logo\":{\"@type\":\"ImageObject\",\"inLanguage\":\"fr-FR\",\"@id\":\"https:\\\/\\\/veiana.com\\\/#\\\/schema\\\/logo\\\/image\\\/\",\"url\":\"https:\\\/\\\/veiana.com\\\/wp-content\\\/uploads\\\/2022\\\/02\\\/Full-logo.png\",\"contentUrl\":\"https:\\\/\\\/veiana.com\\\/wp-content\\\/uploads\\\/2022\\\/02\\\/Full-logo.png\",\"width\":591,\"height\":167,\"caption\":\"Veiana\"},\"image\":{\"@id\":\"https:\\\/\\\/veiana.com\\\/#\\\/schema\\\/logo\\\/image\\\/\"},\"sameAs\":[\"https:\\\/\\\/www.instagram.com\\\/veiana_home\\\/\"]}]}<\/script>\n<!-- \/ Yoast SEO plugin. -->","yoast_head_json":{"title":"Petit commerce et blocs de marbre uniques","description":"Passionn\u00e9s par les mat\u00e9riaux naturels et les roches, nous sommes une PME qui con\u00e7oit des meubles pour votre maison, qui s\u00e9duit par leur modernit\u00e9 et leurs lignes simples.","robots":{"index":"index","follow":"follow","max-snippet":"max-snippet:-1","max-image-preview":"max-image-preview:large","max-video-preview":"max-video-preview:-1"},"canonical":"https:\/\/veiana.com\/fr\/sur-veiana\/","og_locale":"fr_FR","og_type":"article","og_title":"Petit commerce et blocs de marbre uniques","og_description":"Passionn\u00e9s par les mat\u00e9riaux naturels et les roches, nous sommes une PME qui con\u00e7oit des meubles pour votre maison, qui s\u00e9duit par leur modernit\u00e9 et leurs lignes simples.","og_url":"https:\/\/veiana.com\/fr\/sur-veiana\/","og_site_name":"Veiana","article_modified_time":"2024-01-14T20:09:20+00:00","twitter_card":"summary_large_image","twitter_misc":{"Dur\u00e9e de lecture estim\u00e9e":"2 minutes"},"schema":{"@context":"https:\/\/schema.org","@graph":[{"@type":"WebPage","@id":"https:\/\/veiana.com\/fr\/sur-veiana\/","url":"https:\/\/veiana.com\/fr\/sur-veiana\/","name":"Petit commerce et blocs de marbre uniques","isPartOf":{"@id":"https:\/\/veiana.com\/#website"},"datePublished":"2013-08-11T19:06:15+00:00","dateModified":"2024-01-14T20:09:20+00:00","description":"Passionn\u00e9s par les mat\u00e9riaux naturels et les roches, nous sommes une PME qui con\u00e7oit des meubles pour votre maison, qui s\u00e9duit par leur modernit\u00e9 et leurs lignes simples.","breadcrumb":{"@id":"https:\/\/veiana.com\/fr\/sur-veiana\/#breadcrumb"},"inLanguage":"fr-FR","potentialAction":[{"@type":"ReadAction","target":["https:\/\/veiana.com\/fr\/sur-veiana\/"]}]},{"@type":"BreadcrumbList","@id":"https:\/\/veiana.com\/fr\/sur-veiana\/#breadcrumb","itemListElement":[{"@type":"ListItem","position":1,"name":"Home","item":"https:\/\/veiana.com\/fr\/home\/"},{"@type":"ListItem","position":2,"name":"Sur Veiana"}]},{"@type":"WebSite","@id":"https:\/\/veiana.com\/#website","url":"https:\/\/veiana.com\/","name":"Veiana","description":"","publisher":{"@id":"https:\/\/veiana.com\/#organization"},"potentialAction":[{"@type":"SearchAction","target":{"@type":"EntryPoint","urlTemplate":"https:\/\/veiana.com\/?s={search_term_string}"},"query-input":{"@type":"PropertyValueSpecification","valueRequired":true,"valueName":"search_term_string"}}],"inLanguage":"fr-FR"},{"@type":"Organization","@id":"https:\/\/veiana.com\/#organization","name":"Veiana","url":"https:\/\/veiana.com\/","logo":{"@type":"ImageObject","inLanguage":"fr-FR","@id":"https:\/\/veiana.com\/#\/schema\/logo\/image\/","url":"https:\/\/veiana.com\/wp-content\/uploads\/2022\/02\/Full-logo.png","contentUrl":"https:\/\/veiana.com\/wp-content\/uploads\/2022\/02\/Full-logo.png","width":591,"height":167,"caption":"Veiana"},"image":{"@id":"https:\/\/veiana.com\/#\/schema\/logo\/image\/"},"sameAs":["https:\/\/www.instagram.com\/veiana_home\/"]}]}},"jetpack_sharing_enabled":true,"_links":{"self":[{"href":"https:\/\/veiana.com\/fr\/wp-json\/wp\/v2\/pages\/1653","targetHints":{"allow":["GET"]}}],"collection":[{"href":"https:\/\/veiana.com\/fr\/wp-json\/wp\/v2\/pages"}],"about":[{"href":"https:\/\/veiana.com\/fr\/wp-json\/wp\/v2\/types\/page"}],"author":[{"embeddable":true,"href":"https:\/\/veiana.com\/fr\/wp-json\/wp\/v2\/users\/1"}],"replies":[{"embeddable":true,"href":"https:\/\/veiana.com\/fr\/wp-json\/wp\/v2\/comments?post=1653"}],"version-history":[{"count":40,"href":"https:\/\/veiana.com\/fr\/wp-json\/wp\/v2\/pages\/1653\/revisions"}],"predecessor-version":[{"id":2912,"href":"https:\/\/veiana.com\/fr\/wp-json\/wp\/v2\/pages\/1653\/revisions\/2912"}],"wp:attachment":[{"href":"https:\/\/veiana.com\/fr\/wp-json\/wp\/v2\/media?parent=1653"}],"curies":[{"name":"wp","href":"https:\/\/api.w.org\/{rel}","templated":true}]}}