{"id":1677,"date":"2021-11-20T11:11:19","date_gmt":"2021-11-20T11:11:19","guid":{"rendered":"https:\/\/veiana.com\/shop\/veia-noir\/"},"modified":"2024-02-18T13:53:26","modified_gmt":"2024-02-18T13:53:26","slug":"bloc-marbre-noir","status":"publish","type":"product","link":"https:\/\/veiana.com\/fr\/shop\/bloc-marbre-noir\/","title":{"rendered":"Marbre Noir"},"content":{"rendered":"<p>\u00ab\u00a0Simplicity is the ultimate sophistication\u00a0\u00bb &#8211; Leonardo da Vinci<\/p>\n<p>Fais entrer la pi\u00e8ce ma\u00eetresse dans ton salon avec ce bloc de marbre. Fabriqu\u00e9e \u00e0 la main en Italie \u00e0 partir de marbre massif, la table basse Veia s\u00e9duit par sa modernit\u00e9 et par ses lignes \u00e9pur\u00e9es. Unique en son genre en termes de qualit\u00e9 d&rsquo;ex\u00e9cution, Veiana garantit la continuit\u00e9 des veines du marbre le long de la partie horizontale et verticale. Cela donne l&rsquo;impression qu&rsquo;il a \u00e9t\u00e9 sculpt\u00e9 dans un bloc sans l&rsquo;inconv\u00e9nient du poids.<\/p>\n<p>Le Nero Marquina provient directement du Pays basque, et plus pr\u00e9cis\u00e9ment de la r\u00e9gion de Markina. Son audacieux fond noir et ses veines blanches ont fait de cette pierre de grande beaut\u00e9, l&rsquo;une des pierres les plus populaires en Espagne. Le Nero Marquina a une finition adoucie pour un effet mat et plus moderne. Avec cette finition, les rayures et les traces caus\u00e9es par une utilisation normale seront moins visibles.<\/p>\n<p>Pour plus de renseignements, consultes nos <span style=\"color: #3366ff;\"><a style=\"color: #3366ff;\" href=\"https:\/\/veiana.com\/fr\/contact-faq\/\">recommandations d&rsquo;entretien<\/a><\/span>et assure-toi de garder ton marbre <span style=\"color: #3366ff;\"><a style=\"color: #3366ff;\" href=\"https:\/\/veiana.com\/fr\/shop\/soin-marbre-protection\/\">scell\u00e9<\/a><\/span> pour \u00e9viter les taches, les traces ou les rayures.<\/p>\n<p>Disponible \u00e9galement en Verde Alpi, Arabescato et Port Saint Laurent.<\/p>\n<p>Chaque exemplaire est unique, et chaque motif dans le marbre est cr\u00e9\u00e9 de mani\u00e8re organique par m\u00e8re nature, c&rsquo;est pourquoi chaque article est diff\u00e9rent.<\/p>\n","protected":false},"excerpt":{"rendered":"<div class=\"attribute length\"><span class=\"label\">Longueur: <\/span><span class=\"value\">100<\/span><span class=\"postfix\">cm<\/span><\/div>\n<div class=\"attribute height\"><span class=\"label\">Hauteur: 30<\/span><span class=\"postfix\">cm<\/span><\/div>\n<div class=\"attribute width\"><span class=\"label\">Largeur: <\/span><span class=\"value\">60<\/span><span class=\"postfix\">cm<\/span><\/div>\n<div class=\"attribute weight\"><span class=\"label\">Poids: <\/span><span class=\"value\">85<\/span><span class=\"postfix\">kg<\/span><\/div>\n<div class=\"attribute pa_kleur\"><span class=\"label\">Marbre: Nero Marquina (<\/span><span class=\"value\">Noir)<\/span><\/div>\n<div class=\"attribute pa_finish\"><span class=\"label\">Finition: <\/span><span class=\"value\">Adouci<\/span><\/div>\n<div><span style=\"color: #ffffff;\"><b>Table en marbre<\/b><\/span><\/div>\n","protected":false},"featured_media":1994,"comment_status":"open","ping_status":"closed","template":"","meta":[],"product_brand":[],"product_cat":[133],"product_tag":[136,135,137,134,138],"class_list":{"0":"post-1677","1":"product","2":"type-product","3":"status-publish","4":"has-post-thumbnail","6":"product_cat-table-basse-en-marbre","7":"product_tag-adouci","8":"product_tag-bloc-de-marbre","9":"product_tag-nero-marquina-fr","10":"product_tag-table-basse","11":"product_tag-table-en-marbre","13":"first","14":"instock","15":"shipping-taxable","16":"purchasable","17":"product-type-simple"},"yoast_head":"<!-- This site is optimized with the Yoast SEO plugin v27.3 - https:\/\/yoast.com\/product\/yoast-seo-wordpress\/ -->\n<title>Marbre Noir - Bloc en marbre noir Nero Marquina, l&#039;\u00e9ternel classique<\/title>\n<meta name=\"description\" content=\"Fais entrer la pi\u00e8ce ma\u00eetresse dans ton salon avec ce bloc de marbre. Fabriqu\u00e9e \u00e0 la main en Italie \u00e0 partir de marbre massif.\" \/>\n<meta name=\"robots\" content=\"index, follow, max-snippet:-1, max-image-preview:large, max-video-preview:-1\" \/>\n<link rel=\"canonical\" href=\"https:\/\/veiana.com\/fr\/shop\/bloc-marbre-noir\/\" \/>\n<meta property=\"og:locale\" content=\"fr_FR\" \/>\n<meta property=\"og:type\" content=\"article\" \/>\n<meta property=\"og:title\" content=\"Marbre Noir - Bloc en marbre noir Nero Marquina, l&#039;\u00e9ternel classique\" \/>\n<meta property=\"og:description\" content=\"Fais entrer la pi\u00e8ce ma\u00eetresse dans ton salon avec ce bloc de marbre. Fabriqu\u00e9e \u00e0 la main en Italie \u00e0 partir de marbre massif.\" \/>\n<meta property=\"og:url\" content=\"https:\/\/veiana.com\/fr\/shop\/bloc-marbre-noir\/\" \/>\n<meta property=\"og:site_name\" content=\"Veiana\" \/>\n<meta property=\"article:modified_time\" content=\"2024-02-18T13:53:26+00:00\" \/>\n<meta property=\"og:image\" content=\"https:\/\/veiana.com\/wp-content\/uploads\/2022\/05\/nero-marquina-marble-block-front-page.jpg\" \/>\n\t<meta property=\"og:image:width\" content=\"2048\" \/>\n\t<meta property=\"og:image:height\" content=\"1355\" \/>\n\t<meta property=\"og:image:type\" content=\"image\/jpeg\" \/>\n<meta name=\"twitter:card\" content=\"summary_large_image\" \/>\n<meta name=\"twitter:label1\" content=\"Dur\u00e9e de lecture estim\u00e9e\" \/>\n\t<meta name=\"twitter:data1\" content=\"2 minutes\" \/>\n<script type=\"application\/ld+json\" class=\"yoast-schema-graph\">{\"@context\":\"https:\\\/\\\/schema.org\",\"@graph\":[{\"@type\":\"WebPage\",\"@id\":\"https:\\\/\\\/veiana.com\\\/fr\\\/shop\\\/bloc-marbre-noir\\\/\",\"url\":\"https:\\\/\\\/veiana.com\\\/fr\\\/shop\\\/bloc-marbre-noir\\\/\",\"name\":\"Marbre Noir - Bloc en marbre noir Nero Marquina, l'\u00e9ternel classique\",\"isPartOf\":{\"@id\":\"https:\\\/\\\/veiana.com\\\/#website\"},\"primaryImageOfPage\":{\"@id\":\"https:\\\/\\\/veiana.com\\\/fr\\\/shop\\\/bloc-marbre-noir\\\/#primaryimage\"},\"image\":{\"@id\":\"https:\\\/\\\/veiana.com\\\/fr\\\/shop\\\/bloc-marbre-noir\\\/#primaryimage\"},\"thumbnailUrl\":\"https:\\\/\\\/veiana.com\\\/wp-content\\\/uploads\\\/2022\\\/05\\\/nero-marquina-marble-block-front-page.jpg\",\"datePublished\":\"2021-11-20T11:11:19+00:00\",\"dateModified\":\"2024-02-18T13:53:26+00:00\",\"description\":\"Fais entrer la pi\u00e8ce ma\u00eetresse dans ton salon avec ce bloc de marbre. Fabriqu\u00e9e \u00e0 la main en Italie \u00e0 partir de marbre massif.\",\"breadcrumb\":{\"@id\":\"https:\\\/\\\/veiana.com\\\/fr\\\/shop\\\/bloc-marbre-noir\\\/#breadcrumb\"},\"inLanguage\":\"fr-FR\",\"potentialAction\":[{\"@type\":\"ReadAction\",\"target\":[\"https:\\\/\\\/veiana.com\\\/fr\\\/shop\\\/bloc-marbre-noir\\\/\"]}]},{\"@type\":\"ImageObject\",\"inLanguage\":\"fr-FR\",\"@id\":\"https:\\\/\\\/veiana.com\\\/fr\\\/shop\\\/bloc-marbre-noir\\\/#primaryimage\",\"url\":\"https:\\\/\\\/veiana.com\\\/wp-content\\\/uploads\\\/2022\\\/05\\\/nero-marquina-marble-block-front-page.jpg\",\"contentUrl\":\"https:\\\/\\\/veiana.com\\\/wp-content\\\/uploads\\\/2022\\\/05\\\/nero-marquina-marble-block-front-page.jpg\",\"width\":2048,\"height\":1355,\"caption\":\"Table basse en bloc de marbre - Marbre noir Nero Marquina avec d\u00e9coration\"},{\"@type\":\"BreadcrumbList\",\"@id\":\"https:\\\/\\\/veiana.com\\\/fr\\\/shop\\\/bloc-marbre-noir\\\/#breadcrumb\",\"itemListElement\":[{\"@type\":\"ListItem\",\"position\":1,\"name\":\"Home\",\"item\":\"https:\\\/\\\/veiana.com\\\/fr\\\/home\\\/\"},{\"@type\":\"ListItem\",\"position\":2,\"name\":\"Shop\",\"item\":\"https:\\\/\\\/veiana.com\\\/shop-marble-block\\\/\"},{\"@type\":\"ListItem\",\"position\":3,\"name\":\"Marbre Noir\"}]},{\"@type\":\"WebSite\",\"@id\":\"https:\\\/\\\/veiana.com\\\/#website\",\"url\":\"https:\\\/\\\/veiana.com\\\/\",\"name\":\"Veiana\",\"description\":\"\",\"publisher\":{\"@id\":\"https:\\\/\\\/veiana.com\\\/#organization\"},\"potentialAction\":[{\"@type\":\"SearchAction\",\"target\":{\"@type\":\"EntryPoint\",\"urlTemplate\":\"https:\\\/\\\/veiana.com\\\/?s={search_term_string}\"},\"query-input\":{\"@type\":\"PropertyValueSpecification\",\"valueRequired\":true,\"valueName\":\"search_term_string\"}}],\"inLanguage\":\"fr-FR\"},{\"@type\":\"Organization\",\"@id\":\"https:\\\/\\\/veiana.com\\\/#organization\",\"name\":\"Veiana\",\"url\":\"https:\\\/\\\/veiana.com\\\/\",\"logo\":{\"@type\":\"ImageObject\",\"inLanguage\":\"fr-FR\",\"@id\":\"https:\\\/\\\/veiana.com\\\/#\\\/schema\\\/logo\\\/image\\\/\",\"url\":\"https:\\\/\\\/veiana.com\\\/wp-content\\\/uploads\\\/2022\\\/02\\\/Full-logo.png\",\"contentUrl\":\"https:\\\/\\\/veiana.com\\\/wp-content\\\/uploads\\\/2022\\\/02\\\/Full-logo.png\",\"width\":591,\"height\":167,\"caption\":\"Veiana\"},\"image\":{\"@id\":\"https:\\\/\\\/veiana.com\\\/#\\\/schema\\\/logo\\\/image\\\/\"},\"sameAs\":[\"https:\\\/\\\/www.instagram.com\\\/veiana_home\\\/\"]}]}<\/script>\n<!-- \/ Yoast SEO plugin. -->","yoast_head_json":{"title":"Marbre Noir - Bloc en marbre noir Nero Marquina, l'\u00e9ternel classique","description":"Fais entrer la pi\u00e8ce ma\u00eetresse dans ton salon avec ce bloc de marbre. Fabriqu\u00e9e \u00e0 la main en Italie \u00e0 partir de marbre massif.","robots":{"index":"index","follow":"follow","max-snippet":"max-snippet:-1","max-image-preview":"max-image-preview:large","max-video-preview":"max-video-preview:-1"},"canonical":"https:\/\/veiana.com\/fr\/shop\/bloc-marbre-noir\/","og_locale":"fr_FR","og_type":"article","og_title":"Marbre Noir - Bloc en marbre noir Nero Marquina, l'\u00e9ternel classique","og_description":"Fais entrer la pi\u00e8ce ma\u00eetresse dans ton salon avec ce bloc de marbre. Fabriqu\u00e9e \u00e0 la main en Italie \u00e0 partir de marbre massif.","og_url":"https:\/\/veiana.com\/fr\/shop\/bloc-marbre-noir\/","og_site_name":"Veiana","article_modified_time":"2024-02-18T13:53:26+00:00","og_image":[{"width":2048,"height":1355,"url":"https:\/\/veiana.com\/wp-content\/uploads\/2022\/05\/nero-marquina-marble-block-front-page.jpg","type":"image\/jpeg"}],"twitter_card":"summary_large_image","twitter_misc":{"Dur\u00e9e de lecture estim\u00e9e":"2 minutes"},"schema":{"@context":"https:\/\/schema.org","@graph":[{"@type":"WebPage","@id":"https:\/\/veiana.com\/fr\/shop\/bloc-marbre-noir\/","url":"https:\/\/veiana.com\/fr\/shop\/bloc-marbre-noir\/","name":"Marbre Noir - Bloc en marbre noir Nero Marquina, l'\u00e9ternel classique","isPartOf":{"@id":"https:\/\/veiana.com\/#website"},"primaryImageOfPage":{"@id":"https:\/\/veiana.com\/fr\/shop\/bloc-marbre-noir\/#primaryimage"},"image":{"@id":"https:\/\/veiana.com\/fr\/shop\/bloc-marbre-noir\/#primaryimage"},"thumbnailUrl":"https:\/\/veiana.com\/wp-content\/uploads\/2022\/05\/nero-marquina-marble-block-front-page.jpg","datePublished":"2021-11-20T11:11:19+00:00","dateModified":"2024-02-18T13:53:26+00:00","description":"Fais entrer la pi\u00e8ce ma\u00eetresse dans ton salon avec ce bloc de marbre. Fabriqu\u00e9e \u00e0 la main en Italie \u00e0 partir de marbre massif.","breadcrumb":{"@id":"https:\/\/veiana.com\/fr\/shop\/bloc-marbre-noir\/#breadcrumb"},"inLanguage":"fr-FR","potentialAction":[{"@type":"ReadAction","target":["https:\/\/veiana.com\/fr\/shop\/bloc-marbre-noir\/"]}]},{"@type":"ImageObject","inLanguage":"fr-FR","@id":"https:\/\/veiana.com\/fr\/shop\/bloc-marbre-noir\/#primaryimage","url":"https:\/\/veiana.com\/wp-content\/uploads\/2022\/05\/nero-marquina-marble-block-front-page.jpg","contentUrl":"https:\/\/veiana.com\/wp-content\/uploads\/2022\/05\/nero-marquina-marble-block-front-page.jpg","width":2048,"height":1355,"caption":"Table basse en bloc de marbre - Marbre noir Nero Marquina avec d\u00e9coration"},{"@type":"BreadcrumbList","@id":"https:\/\/veiana.com\/fr\/shop\/bloc-marbre-noir\/#breadcrumb","itemListElement":[{"@type":"ListItem","position":1,"name":"Home","item":"https:\/\/veiana.com\/fr\/home\/"},{"@type":"ListItem","position":2,"name":"Shop","item":"https:\/\/veiana.com\/shop-marble-block\/"},{"@type":"ListItem","position":3,"name":"Marbre Noir"}]},{"@type":"WebSite","@id":"https:\/\/veiana.com\/#website","url":"https:\/\/veiana.com\/","name":"Veiana","description":"","publisher":{"@id":"https:\/\/veiana.com\/#organization"},"potentialAction":[{"@type":"SearchAction","target":{"@type":"EntryPoint","urlTemplate":"https:\/\/veiana.com\/?s={search_term_string}"},"query-input":{"@type":"PropertyValueSpecification","valueRequired":true,"valueName":"search_term_string"}}],"inLanguage":"fr-FR"},{"@type":"Organization","@id":"https:\/\/veiana.com\/#organization","name":"Veiana","url":"https:\/\/veiana.com\/","logo":{"@type":"ImageObject","inLanguage":"fr-FR","@id":"https:\/\/veiana.com\/#\/schema\/logo\/image\/","url":"https:\/\/veiana.com\/wp-content\/uploads\/2022\/02\/Full-logo.png","contentUrl":"https:\/\/veiana.com\/wp-content\/uploads\/2022\/02\/Full-logo.png","width":591,"height":167,"caption":"Veiana"},"image":{"@id":"https:\/\/veiana.com\/#\/schema\/logo\/image\/"},"sameAs":["https:\/\/www.instagram.com\/veiana_home\/"]}]}},"jetpack_sharing_enabled":true,"_links":{"self":[{"href":"https:\/\/veiana.com\/fr\/wp-json\/wp\/v2\/product\/1677","targetHints":{"allow":["GET"]}}],"collection":[{"href":"https:\/\/veiana.com\/fr\/wp-json\/wp\/v2\/product"}],"about":[{"href":"https:\/\/veiana.com\/fr\/wp-json\/wp\/v2\/types\/product"}],"replies":[{"embeddable":true,"href":"https:\/\/veiana.com\/fr\/wp-json\/wp\/v2\/comments?post=1677"}],"wp:featuredmedia":[{"embeddable":true,"href":"https:\/\/veiana.com\/fr\/wp-json\/wp\/v2\/media\/1994"}],"wp:attachment":[{"href":"https:\/\/veiana.com\/fr\/wp-json\/wp\/v2\/media?parent=1677"}],"wp:term":[{"taxonomy":"product_brand","embeddable":true,"href":"https:\/\/veiana.com\/fr\/wp-json\/wp\/v2\/product_brand?post=1677"},{"taxonomy":"product_cat","embeddable":true,"href":"https:\/\/veiana.com\/fr\/wp-json\/wp\/v2\/product_cat?post=1677"},{"taxonomy":"product_tag","embeddable":true,"href":"https:\/\/veiana.com\/fr\/wp-json\/wp\/v2\/product_tag?post=1677"}],"curies":[{"name":"wp","href":"https:\/\/api.w.org\/{rel}","templated":true}]}}