{"id":1681,"date":"2022-02-11T21:48:15","date_gmt":"2022-02-11T21:48:15","guid":{"rendered":"https:\/\/veiana.com\/shop\/protection-du-marbre\/"},"modified":"2022-05-21T13:15:24","modified_gmt":"2022-05-21T13:15:24","slug":"soin-marbre-protection","status":"publish","type":"product","link":"https:\/\/veiana.com\/fr\/shop\/soin-marbre-protection\/","title":{"rendered":"Protection du marbre"},"content":{"rendered":"<p><strong>Protection &amp; Impr\u00e9gnation:<\/strong> Protection premium naturelle L\u2019effet protecteur \u00e9lev\u00e9 perlant est obtenu apr\u00e8s seulement 10 \u00e0 20 minutes.<\/p>\n<p><strong>Mati\u00e8re:<\/strong> Pierre naturelle, Marbre et pierre calcaire, Granite, Roche compos\u00e9e de quartz, Terrazzo, Ardoise, Brique de b\u00e9ton, Terre cuite, Pierres sensibles aux acides<\/p>\n<p><strong>Application:<\/strong> Cuisine, Salle de bain et sanitaire, Table et rebords de fen\u00eatre, Sol et escalier, Jardin et terrasse, Pierre tombale et monument, Fa\u00e7ade, Mur<\/p>\n<p><strong>Surface:<\/strong> Rugueux, Finement ponc\u00e9, Pon\u00e7\u00e9, Satin\u00e9, Granuleux, Sabl\u00e9, Antique, Sci\u00e9, Fissur\u00e9, Fente naturelle, Poli, Flamm\u00e9<\/p>\n<p><strong>Base chimique:<\/strong> \u00c0 base de dissolvant<\/p>\n<p><strong>M\u00e9thode d&rsquo;application:<\/strong> Pinceau large, Balai \u00e0 franges, Pads, Manuel, Application par pulv\u00e9risation<\/p>\n<p><strong>Concentration:<\/strong> Pr\u00eat \u00e0 l&#8217;emploi<\/p>\n<p><a href=\"https:\/\/veiana.com\/wp-content\/uploads\/2022\/02\/AKEMI_Pearl-Impregnator_GB-E-I.pdf\"><span style=\"color: #0000ff;\">Product flyer Pearl-Impregnator English<\/span><\/a><\/p>\n<p><a href=\"https:\/\/veiana.com\/wp-content\/uploads\/2022\/02\/AKEMI_Pearl-Impregnator_D-F-NL.pdf\"><span style=\"color: #0000ff;\">Product flyer PEARL-Impregnator German \/ French<\/span><\/a><\/p>\n","protected":false},"excerpt":{"rendered":"<div class=\"description\">\n<p>Impr\u00e9gnation premium avec un excellent effet hydrofuge, ol\u00e9ofuge et anti-graisse. Prot\u00e8ge la pierre naturelle comme le marbre, le granit etc. avec des surfaces polies, adoucies ou brutes. Particuli\u00e8rement adapt\u00e9 au traitement des surfaces en marbre et en calcaire de couleur claire.<\/p>\n<\/div>\n","protected":false},"featured_media":1314,"comment_status":"open","ping_status":"closed","template":"","meta":[],"product_brand":[],"product_cat":[144],"product_tag":[],"class_list":{"0":"post-1681","1":"product","2":"type-product","3":"status-publish","4":"has-post-thumbnail","6":"product_cat-soin","7":"product_shipping_class-accessoires","9":"first","10":"instock","11":"featured","12":"shipping-taxable","13":"purchasable","14":"product-type-simple"},"yoast_head":"<!-- This site is optimized with the Yoast SEO plugin v27.3 - https:\/\/yoast.com\/product\/yoast-seo-wordpress\/ -->\n<title>Protection du marbre - Veiana<\/title>\n<meta name=\"robots\" content=\"index, follow, max-snippet:-1, max-image-preview:large, max-video-preview:-1\" \/>\n<link rel=\"canonical\" href=\"https:\/\/veiana.com\/fr\/shop\/soin-marbre-protection\/\" \/>\n<meta property=\"og:locale\" content=\"fr_FR\" \/>\n<meta property=\"og:type\" content=\"article\" \/>\n<meta property=\"og:title\" content=\"Protection du marbre - Veiana\" \/>\n<meta property=\"og:description\" content=\"Impr\u00e9gnation premium avec un excellent effet hydrofuge, ol\u00e9ofuge et anti-graisse. Prot\u00e8ge la pierre naturelle comme le marbre, le granit etc. avec des surfaces polies, adoucies ou brutes. Particuli\u00e8rement adapt\u00e9 au traitement des surfaces en marbre et en calcaire de couleur claire.\" \/>\n<meta property=\"og:url\" content=\"https:\/\/veiana.com\/fr\/shop\/soin-marbre-protection\/\" \/>\n<meta property=\"og:site_name\" content=\"Veiana\" \/>\n<meta property=\"article:modified_time\" content=\"2022-05-21T13:15:24+00:00\" \/>\n<meta property=\"og:image\" content=\"https:\/\/veiana.com\/wp-content\/uploads\/2022\/02\/Akemi-polished-marble.jpg\" \/>\n\t<meta property=\"og:image:width\" content=\"1200\" \/>\n\t<meta property=\"og:image:height\" content=\"1200\" \/>\n\t<meta property=\"og:image:type\" content=\"image\/jpeg\" \/>\n<meta name=\"twitter:card\" content=\"summary_large_image\" \/>\n<meta name=\"twitter:label1\" content=\"Dur\u00e9e de lecture estim\u00e9e\" \/>\n\t<meta name=\"twitter:data1\" content=\"1 minute\" \/>\n<script type=\"application\/ld+json\" class=\"yoast-schema-graph\">{\"@context\":\"https:\\\/\\\/schema.org\",\"@graph\":[{\"@type\":\"WebPage\",\"@id\":\"https:\\\/\\\/veiana.com\\\/fr\\\/shop\\\/soin-marbre-protection\\\/\",\"url\":\"https:\\\/\\\/veiana.com\\\/fr\\\/shop\\\/soin-marbre-protection\\\/\",\"name\":\"Protection du marbre - Veiana\",\"isPartOf\":{\"@id\":\"https:\\\/\\\/veiana.com\\\/#website\"},\"primaryImageOfPage\":{\"@id\":\"https:\\\/\\\/veiana.com\\\/fr\\\/shop\\\/soin-marbre-protection\\\/#primaryimage\"},\"image\":{\"@id\":\"https:\\\/\\\/veiana.com\\\/fr\\\/shop\\\/soin-marbre-protection\\\/#primaryimage\"},\"thumbnailUrl\":\"https:\\\/\\\/veiana.com\\\/wp-content\\\/uploads\\\/2022\\\/02\\\/Akemi-polished-marble.jpg\",\"datePublished\":\"2022-02-11T21:48:15+00:00\",\"dateModified\":\"2022-05-21T13:15:24+00:00\",\"breadcrumb\":{\"@id\":\"https:\\\/\\\/veiana.com\\\/fr\\\/shop\\\/soin-marbre-protection\\\/#breadcrumb\"},\"inLanguage\":\"fr-FR\",\"potentialAction\":[{\"@type\":\"ReadAction\",\"target\":[\"https:\\\/\\\/veiana.com\\\/fr\\\/shop\\\/soin-marbre-protection\\\/\"]}]},{\"@type\":\"ImageObject\",\"inLanguage\":\"fr-FR\",\"@id\":\"https:\\\/\\\/veiana.com\\\/fr\\\/shop\\\/soin-marbre-protection\\\/#primaryimage\",\"url\":\"https:\\\/\\\/veiana.com\\\/wp-content\\\/uploads\\\/2022\\\/02\\\/Akemi-polished-marble.jpg\",\"contentUrl\":\"https:\\\/\\\/veiana.com\\\/wp-content\\\/uploads\\\/2022\\\/02\\\/Akemi-polished-marble.jpg\",\"width\":1200,\"height\":1200,\"caption\":\"Impr\u00e9gnation Premium Pearl pour la protection du marbre - Veiana\"},{\"@type\":\"BreadcrumbList\",\"@id\":\"https:\\\/\\\/veiana.com\\\/fr\\\/shop\\\/soin-marbre-protection\\\/#breadcrumb\",\"itemListElement\":[{\"@type\":\"ListItem\",\"position\":1,\"name\":\"Home\",\"item\":\"https:\\\/\\\/veiana.com\\\/fr\\\/home\\\/\"},{\"@type\":\"ListItem\",\"position\":2,\"name\":\"Shop\",\"item\":\"https:\\\/\\\/veiana.com\\\/shop-marble-block\\\/\"},{\"@type\":\"ListItem\",\"position\":3,\"name\":\"Protection du marbre\"}]},{\"@type\":\"WebSite\",\"@id\":\"https:\\\/\\\/veiana.com\\\/#website\",\"url\":\"https:\\\/\\\/veiana.com\\\/\",\"name\":\"Veiana\",\"description\":\"\",\"publisher\":{\"@id\":\"https:\\\/\\\/veiana.com\\\/#organization\"},\"potentialAction\":[{\"@type\":\"SearchAction\",\"target\":{\"@type\":\"EntryPoint\",\"urlTemplate\":\"https:\\\/\\\/veiana.com\\\/?s={search_term_string}\"},\"query-input\":{\"@type\":\"PropertyValueSpecification\",\"valueRequired\":true,\"valueName\":\"search_term_string\"}}],\"inLanguage\":\"fr-FR\"},{\"@type\":\"Organization\",\"@id\":\"https:\\\/\\\/veiana.com\\\/#organization\",\"name\":\"Veiana\",\"url\":\"https:\\\/\\\/veiana.com\\\/\",\"logo\":{\"@type\":\"ImageObject\",\"inLanguage\":\"fr-FR\",\"@id\":\"https:\\\/\\\/veiana.com\\\/#\\\/schema\\\/logo\\\/image\\\/\",\"url\":\"https:\\\/\\\/veiana.com\\\/wp-content\\\/uploads\\\/2022\\\/02\\\/Full-logo.png\",\"contentUrl\":\"https:\\\/\\\/veiana.com\\\/wp-content\\\/uploads\\\/2022\\\/02\\\/Full-logo.png\",\"width\":591,\"height\":167,\"caption\":\"Veiana\"},\"image\":{\"@id\":\"https:\\\/\\\/veiana.com\\\/#\\\/schema\\\/logo\\\/image\\\/\"},\"sameAs\":[\"https:\\\/\\\/www.instagram.com\\\/veiana_home\\\/\"]}]}<\/script>\n<!-- \/ Yoast SEO plugin. -->","yoast_head_json":{"title":"Protection du marbre - Veiana","robots":{"index":"index","follow":"follow","max-snippet":"max-snippet:-1","max-image-preview":"max-image-preview:large","max-video-preview":"max-video-preview:-1"},"canonical":"https:\/\/veiana.com\/fr\/shop\/soin-marbre-protection\/","og_locale":"fr_FR","og_type":"article","og_title":"Protection du marbre - Veiana","og_description":"Impr\u00e9gnation premium avec un excellent effet hydrofuge, ol\u00e9ofuge et anti-graisse. Prot\u00e8ge la pierre naturelle comme le marbre, le granit etc. avec des surfaces polies, adoucies ou brutes. Particuli\u00e8rement adapt\u00e9 au traitement des surfaces en marbre et en calcaire de couleur claire.","og_url":"https:\/\/veiana.com\/fr\/shop\/soin-marbre-protection\/","og_site_name":"Veiana","article_modified_time":"2022-05-21T13:15:24+00:00","og_image":[{"width":1200,"height":1200,"url":"https:\/\/veiana.com\/wp-content\/uploads\/2022\/02\/Akemi-polished-marble.jpg","type":"image\/jpeg"}],"twitter_card":"summary_large_image","twitter_misc":{"Dur\u00e9e de lecture estim\u00e9e":"1 minute"},"schema":{"@context":"https:\/\/schema.org","@graph":[{"@type":"WebPage","@id":"https:\/\/veiana.com\/fr\/shop\/soin-marbre-protection\/","url":"https:\/\/veiana.com\/fr\/shop\/soin-marbre-protection\/","name":"Protection du marbre - Veiana","isPartOf":{"@id":"https:\/\/veiana.com\/#website"},"primaryImageOfPage":{"@id":"https:\/\/veiana.com\/fr\/shop\/soin-marbre-protection\/#primaryimage"},"image":{"@id":"https:\/\/veiana.com\/fr\/shop\/soin-marbre-protection\/#primaryimage"},"thumbnailUrl":"https:\/\/veiana.com\/wp-content\/uploads\/2022\/02\/Akemi-polished-marble.jpg","datePublished":"2022-02-11T21:48:15+00:00","dateModified":"2022-05-21T13:15:24+00:00","breadcrumb":{"@id":"https:\/\/veiana.com\/fr\/shop\/soin-marbre-protection\/#breadcrumb"},"inLanguage":"fr-FR","potentialAction":[{"@type":"ReadAction","target":["https:\/\/veiana.com\/fr\/shop\/soin-marbre-protection\/"]}]},{"@type":"ImageObject","inLanguage":"fr-FR","@id":"https:\/\/veiana.com\/fr\/shop\/soin-marbre-protection\/#primaryimage","url":"https:\/\/veiana.com\/wp-content\/uploads\/2022\/02\/Akemi-polished-marble.jpg","contentUrl":"https:\/\/veiana.com\/wp-content\/uploads\/2022\/02\/Akemi-polished-marble.jpg","width":1200,"height":1200,"caption":"Impr\u00e9gnation Premium Pearl pour la protection du marbre - Veiana"},{"@type":"BreadcrumbList","@id":"https:\/\/veiana.com\/fr\/shop\/soin-marbre-protection\/#breadcrumb","itemListElement":[{"@type":"ListItem","position":1,"name":"Home","item":"https:\/\/veiana.com\/fr\/home\/"},{"@type":"ListItem","position":2,"name":"Shop","item":"https:\/\/veiana.com\/shop-marble-block\/"},{"@type":"ListItem","position":3,"name":"Protection du marbre"}]},{"@type":"WebSite","@id":"https:\/\/veiana.com\/#website","url":"https:\/\/veiana.com\/","name":"Veiana","description":"","publisher":{"@id":"https:\/\/veiana.com\/#organization"},"potentialAction":[{"@type":"SearchAction","target":{"@type":"EntryPoint","urlTemplate":"https:\/\/veiana.com\/?s={search_term_string}"},"query-input":{"@type":"PropertyValueSpecification","valueRequired":true,"valueName":"search_term_string"}}],"inLanguage":"fr-FR"},{"@type":"Organization","@id":"https:\/\/veiana.com\/#organization","name":"Veiana","url":"https:\/\/veiana.com\/","logo":{"@type":"ImageObject","inLanguage":"fr-FR","@id":"https:\/\/veiana.com\/#\/schema\/logo\/image\/","url":"https:\/\/veiana.com\/wp-content\/uploads\/2022\/02\/Full-logo.png","contentUrl":"https:\/\/veiana.com\/wp-content\/uploads\/2022\/02\/Full-logo.png","width":591,"height":167,"caption":"Veiana"},"image":{"@id":"https:\/\/veiana.com\/#\/schema\/logo\/image\/"},"sameAs":["https:\/\/www.instagram.com\/veiana_home\/"]}]}},"jetpack_sharing_enabled":true,"_links":{"self":[{"href":"https:\/\/veiana.com\/fr\/wp-json\/wp\/v2\/product\/1681","targetHints":{"allow":["GET"]}}],"collection":[{"href":"https:\/\/veiana.com\/fr\/wp-json\/wp\/v2\/product"}],"about":[{"href":"https:\/\/veiana.com\/fr\/wp-json\/wp\/v2\/types\/product"}],"replies":[{"embeddable":true,"href":"https:\/\/veiana.com\/fr\/wp-json\/wp\/v2\/comments?post=1681"}],"wp:featuredmedia":[{"embeddable":true,"href":"https:\/\/veiana.com\/fr\/wp-json\/wp\/v2\/media\/1314"}],"wp:attachment":[{"href":"https:\/\/veiana.com\/fr\/wp-json\/wp\/v2\/media?parent=1681"}],"wp:term":[{"taxonomy":"product_brand","embeddable":true,"href":"https:\/\/veiana.com\/fr\/wp-json\/wp\/v2\/product_brand?post=1681"},{"taxonomy":"product_cat","embeddable":true,"href":"https:\/\/veiana.com\/fr\/wp-json\/wp\/v2\/product_cat?post=1681"},{"taxonomy":"product_tag","embeddable":true,"href":"https:\/\/veiana.com\/fr\/wp-json\/wp\/v2\/product_tag?post=1681"}],"curies":[{"name":"wp","href":"https:\/\/api.w.org\/{rel}","templated":true}]}}